{"id":101,"date":"2020-12-11T17:24:26","date_gmt":"2020-12-11T16:24:26","guid":{"rendered":"http:\/\/www.sagesa.com\/?page_id=101"},"modified":"2022-06-07T15:12:39","modified_gmt":"2022-06-07T13:12:39","slug":"vous-etes-expatrie-ou-consultant-international","status":"publish","type":"page","link":"https:\/\/www.sagesa.com\/fr\/vous-etes-expatrie-ou-consultant-international\/","title":{"rendered":"Vous \u00eates un expert consultant"},"content":{"rendered":"<section class=\"wpb-content-wrapper\"><p>[vc_row][vc_column][vc_column_text el_class=\u00a0\u00bbcircle-bg\u00a0\u00bb]<\/p>\n<p style=\"text-align: center;\">Le consultant, pour<strong> d\u00e9velopper son portefeuille de travail de mani\u00e8re ind\u00e9pendante<\/strong> tout en conservant les avantages du salariat, \u00e0 la possibilit\u00e9 de faire appel au portage salarial. Ce dernier se pr\u00eate \u00e9galement aux <strong>missions \u00e0 dimension internationale<\/strong>. C&rsquo;est le service que propose SAGE.<\/p>\n<p>[\/vc_column_text][\/vc_column][vc_column][vc_btn title=\u00a0\u00bbJe veux en savoir plus\u00a0\u00bb shape=\u00a0\u00bbsquare\u00a0\u00bb color=\u00a0\u00bbvista-blue\u00a0\u00bb align=\u00a0\u00bbcenter\u00a0\u00bb css_animation=\u00a0\u00bbbounceIn\u00a0\u00bb link=\u00a0\u00bburl:https%3A%2F%2Fwww.sagesa.com%2Ffr%2Fcontactez-nous%2F|title:Contactez-nous|target:_blank\u00a0\u00bb][\/vc_column][\/vc_row][vc_row el_id=\u00a0\u00bbcasusage\u00a0\u00bb][vc_column]<section class=\"txt-img padded-top\">\r\n    <div class=\"sv-g\">\r\n      <div class=\"sv-u-1 sv-u-m-1-2 m--left\">\r\n        <div class=\"txt-img__content\">\r\n          <h2>Cas d'usages<\/h2>\r\n          <div class=\"txt-img__text\">\r\n            <p>Vous \u00eates un consultant ou un expert ind\u00e9pendant, et vous souhaitez proposer vos services \u00e0 une soci\u00e9t\u00e9 \u00e9trang\u00e8re, ou faire une mission \u00e0 l\u2019\u00e9tranger pour une soci\u00e9t\u00e9 fran\u00e7aise ?<\/p>\n<p>&nbsp;<\/p>\n<ul>\n<li>Vous ne parvenez pas \u00e0 identifier le bon cadre l\u00e9gal pour travailler \u00e0 l\u2019\u00e9tranger ?<\/li>\n<li>Vous pensez \u00eatre contraint de cr\u00e9er une entreprise pour pouvoir facturer votre mission ?<\/li>\n<li>Vous ne ma\u00eetrisez pas la l\u00e9gislation du pays dans lequel vous devez effectuer une mission ?<\/li>\n<li>Vous ne disposez pas du temps n\u00e9cessaire pour g\u00e9rer les aspects administratifs d\u2019une mission \u00e0 l\u2019\u00e9tranger ?<\/li>\n<\/ul>\n<p><\/p>\r\n                      <\/div>\r\n        <\/div>\r\n      <\/div>\r\n      <div class=\"sv-u-1 sv-u-m-1-2\">\r\n        <figure class=\"txt-img__figure m--blue-left \">\r\n          <img decoding=\"async\" src=\"https:\/\/www.sagesa.com\/wp-content\/uploads\/2020\/12\/SageSa_Consultant_CasUsage-540x475.png\" alt=\"Cas d'usages\">\r\n          <div class=\"rect m--pink\"><\/div>\r\n          <div class=\"rect m--blue\"><\/div>\r\n          <div class=\"rect m--yellow\"><\/div>\r\n        <\/figure>\r\n      <\/div>\r\n    <\/div>\r\n<\/section>\r\n[vc_btn title=\u00a0\u00bbJe souhaite \u00e9changer avec un consultant SAGE !\u00a0\u00bb shape=\u00a0\u00bbsquare\u00a0\u00bb color=\u00a0\u00bbvista-blue\u00a0\u00bb align=\u00a0\u00bbcenter\u00a0\u00bb css_animation=\u00a0\u00bbbounceIn\u00a0\u00bb link=\u00a0\u00bburl:https%3A%2F%2Fwww.sagesa.com%2Ffr%2Fcontactez-nous%2F|title:Contactez-nous|target:_blank\u00a0\u00bb][\/vc_column][\/vc_row][vc_row el_id=\u00a0\u00bbfonctionnement\u00a0\u00bb][vc_column][vc_single_image image=\u00a0\u00bb257&Prime; img_size=\u00a0\u00bblarge\u00a0\u00bb alignment=\u00a0\u00bbcenter\u00a0\u00bb title=\u00a0\u00bbFonctionnement\u00a0\u00bb][\/vc_column][\/vc_row][vc_row][vc_column][vc_column_text el_class=\u00a0\u00bbcircle-bg\u00a0\u00bb]<\/p>\n<p style=\"text-align: center;\">SAGE vous accompagne quels que soient votre nationalit\u00e9 d\u2019origine et votre pays de destination.<\/p>\n<p style=\"text-align: center;\">Au sein de l\u2019Union europ\u00e9enne comme dans le reste du monde.<\/p>\n<p style=\"text-align: center;\">SAGE prend en charge tous les aspects administratifs complexes que vous \u00eates susceptible de rencontrer.<\/p>\n<p style=\"text-align: center;\">Vous optimisez votre couverture sociale, votre revenu. Vous s\u00e9curisez votre collaboration avec la soci\u00e9t\u00e9 \u00e9trang\u00e8re qui vous confie une mission.<\/p>\n<p>[\/vc_column_text][\/vc_column][vc_column][vc_btn title=\u00a0\u00bbJe veux en savoir plus\u00a0\u00bb shape=\u00a0\u00bbsquare\u00a0\u00bb color=\u00a0\u00bbvista-blue\u00a0\u00bb align=\u00a0\u00bbcenter\u00a0\u00bb css_animation=\u00a0\u00bbbounceIn\u00a0\u00bb link=\u00a0\u00bburl:https%3A%2F%2Fwww.sagesa.com%2Ffr%2Fcontactez-nous%2F|title:Contactez-nous|target:_blank\u00a0\u00bb][\/vc_column][\/vc_row][vc_row el_id=\u00a0\u00bbvosbesoins\u00a0\u00bb][vc_column]<section class=\"txt-img padded-top\">\r\n    <div class=\"sv-g\">\r\n      <div class=\"sv-u-1 sv-u-m-1-2 m--right\">\r\n        <div class=\"txt-img__content\">\r\n          <h2>Vos besoins ?<\/h2>\r\n          <div class=\"txt-img__text\">\r\n            <p><\/p>\n<ul>\n<li>Vous ne disposez pas du temps n\u00e9cessaire pour g\u00e9rer les aspects administratifs d\u2019une mission \u00e0 l\u2019\u00e9tranger ?<\/li>\n<li>Vous souhaitez s\u00e9curiser votre transaction et votre mission \u00e0 l\u2019\u00e9tranger ?<\/li>\n<li>En tant que futur cadre expatri\u00e9 vous ne savez pas comment optimiser votre fiscalit\u00e9 ?<\/li>\n<li>Vous partez en mission \u00e0 l\u2019\u00e9tranger et vous avez peur de perdre les avantages sociaux dont vous b\u00e9n\u00e9ficiez dans votre pays d\u2019origine ?<\/li>\n<\/ul>\n<p><\/p>\r\n                      <\/div>\r\n        <\/div>\r\n      <\/div>\r\n      <div class=\"sv-u-1 sv-u-m-1-2\">\r\n        <figure class=\"txt-img__figure m--yellow-left \">\r\n          <img decoding=\"async\" src=\"https:\/\/www.sagesa.com\/wp-content\/uploads\/2020\/12\/SageSa_Consultant_Casusage2-540x475.png\" alt=\"Vos besoins ?\">\r\n          <div class=\"rect m--pink\"><\/div>\r\n          <div class=\"rect m--blue\"><\/div>\r\n          <div class=\"rect m--yellow\"><\/div>\r\n        <\/figure>\r\n      <\/div>\r\n    <\/div>\r\n<\/section>\r\n[\/vc_column][\/vc_row][vc_row el_id=\u00a0\u00bbbenefices\u00a0\u00bb][vc_column]<section class=\"txt-img padded-top\">\r\n    <div class=\"sv-g\">\r\n      <div class=\"sv-u-1 sv-u-m-1-2 m--left\">\r\n        <div class=\"txt-img__content\">\r\n          <h2>B\u00e9n\u00e9fices du portage salarial international<\/h2>\r\n          <div class=\"txt-img__text\">\r\n            <p><\/p>\n<ul>\n<li>La libert\u00e9 d\u2019un consultant et le statut de salari\u00e9<\/li>\n<li>Vous n\u2019avez pas besoin de cr\u00e9er une entreprise, vous gagnez du temps, vous b\u00e9n\u00e9ficiez de notre r\u00e9seau d\u2019entreprise cliente et de notre expertise<\/li>\n<li>Pas de comptabilit\u00e9, pas de contr\u00f4leur\u2026<\/li>\n<li>Vous b\u00e9n\u00e9ficiez d\u2019un statut de salari\u00e9 international et des avantages qui y sont li\u00e9s : couverture m\u00e9dicales international, pr\u00e9voyance accident incapacit\u00e9 et \u00e0 la carte : ch\u00f4mage et retraite<\/li>\n<\/ul>\n<p><\/p>\r\n                      <\/div>\r\n        <\/div>\r\n      <\/div>\r\n      <div class=\"sv-u-1 sv-u-m-1-2\">\r\n        <figure class=\"txt-img__figure m--blue-left \">\r\n          <img decoding=\"async\" src=\"https:\/\/www.sagesa.com\/wp-content\/uploads\/2020\/12\/SageSa_BeneficesPortageSalarial-540x475.png\" alt=\"B\u00e9n\u00e9fices du portage salarial international\">\r\n          <div class=\"rect m--pink\"><\/div>\r\n          <div class=\"rect m--blue\"><\/div>\r\n          <div class=\"rect m--yellow\"><\/div>\r\n        <\/figure>\r\n      <\/div>\r\n    <\/div>\r\n<\/section>\r\n[vc_btn title=\u00a0\u00bbJe souhaite \u00e9changer avec un consultant SAGE SA\u00a0\u00bb shape=\u00a0\u00bbsquare\u00a0\u00bb color=\u00a0\u00bbwarning\u00a0\u00bb align=\u00a0\u00bbcenter\u00a0\u00bb css_animation=\u00a0\u00bbbounceIn\u00a0\u00bb link=\u00a0\u00bburl:https%3A%2F%2Fwww.sagesa.com%2Ffr%2Fcontactez-nous%2F|title:Contactez-nous|target:_blank\u00a0\u00bb][\/vc_column][\/vc_row][vc_row][vc_column]<section class=\"txt-img padded-top\">\r\n    <div class=\"sv-g\">\r\n      <div class=\"sv-u-1 sv-u-m-1-2 m--right\">\r\n        <div class=\"txt-img__content\">\r\n          <h2>Avantages du portage salarial international<\/h2>\r\n          <div class=\"txt-img__text\">\r\n            <p><\/p>\n<ul>\n<li>Vous gardez la main avec vos clients<\/li>\n<li>Le portage salarial s\u2019applique en compl\u00e9ment d\u2019un statut de salari\u00e9, si vous \u00eates au ch\u00f4mage, \u00e9tudiant ou retrait\u00e9 encore actif<\/li>\n<li>La soci\u00e9t\u00e9 de portage salarial souscrit une caution bancaire qui vous garantit le paiement de votre salaire<\/li>\n<\/ul>\n<p><\/p>\r\n                      <\/div>\r\n        <\/div>\r\n      <\/div>\r\n      <div class=\"sv-u-1 sv-u-m-1-2\">\r\n        <figure class=\"txt-img__figure m--yellow-left \">\r\n          <img decoding=\"async\" src=\"https:\/\/www.sagesa.com\/wp-content\/uploads\/2020\/12\/SageSa_BeneficesConsultants-540x475.png\" alt=\"Avantages du portage salarial international\">\r\n          <div class=\"rect m--pink\"><\/div>\r\n          <div class=\"rect m--blue\"><\/div>\r\n          <div class=\"rect m--yellow\"><\/div>\r\n        <\/figure>\r\n      <\/div>\r\n    <\/div>\r\n<\/section>\r\n[\/vc_column][\/vc_row][vc_row full_width=\u00a0\u00bbstretch_row\u00a0\u00bb][vc_column][vc_single_image image=\u00a0\u00bb251&Prime; img_size=\u00a0\u00bblarge\u00a0\u00bb alignment=\u00a0\u00bbcenter\u00a0\u00bb][\/vc_column][\/vc_row][vc_row el_id=\u00a0\u00bbnotreoffre\u00a0\u00bb][vc_column][vc_column_text]<\/p>\n<h2>Notre offre<\/h2>\n<p>[\/vc_column_text][\/vc_column][vc_column width=\u00a0\u00bb1\/2&Prime;][vc_column_text]<\/p>\n<h3><strong>AU FORFAIT : <\/strong><\/h3>\n<ul>\n<li>G\u00e8re tous les aspects : remboursement des frais m\u00e9dicaux, assurance voyage et rapatriement, pr\u00e9voyance, accident et maladie, responsabilit\u00e9 civile professionnelle, ch\u00f4mage retraite publique ou priv\u00e9e<\/li>\n<li>Un syst\u00e8me s\u00e9curis\u00e9 de gestion de la paie et des communications<\/li>\n<li>L\u2019optimisation fiscale et financi\u00e8re continue<\/li>\n<li>Fourniture de documents administratifs et contractuels (attestation d\u2019emploi, lettre de confort bancaire)<\/li>\n<li>Gestion des notes de frais multi-devises<\/li>\n<\/ul>\n<p>[\/vc_column_text][\/vc_column][vc_column width=\u00a0\u00bb1\/2&Prime;][vc_column_text]<\/p>\n<ul>\n<li>Propose le cadre l\u00e9gal suisse, y compris en mati\u00e8re de droit du travail et de fiscalit\u00e9<\/li>\n<li>Une assistance op\u00e9rationnelle et une capacit\u00e9 de conseil y compris dans les domaines juridique, fiduciaire&#8230;<\/li>\n<li>Un interlocuteur administratif d\u00e9di\u00e9 pour un accompagnement personnalis\u00e9<\/li>\n<li>D\u00e9clarations et versements de cotisations dans le pays d&rsquo;origine<\/li>\n<li>Pr\u00e9l\u00e8vements de l\u2019imp\u00f4t \u00e0 la source, si n\u00e9cessaire dans le pays d\u2019expatriation<\/li>\n<\/ul>\n<p>[\/vc_column_text][\/vc_column][vc_column][vc_column_text el_class=\u00a0\u00bbcircle-bg\u00a0\u00bb]<\/p>\n<h3><strong>EN OPTION :<\/strong><\/h3>\n<p>Demande de permis de travail<\/p>\n<p>Organisation des voyages et relocation dans le pays d&rsquo;expatriation<\/p>\n<p>Gestion des contraintes li\u00e9es \u00e0 l&rsquo;immigration<\/p>\n<p>Souscription \u00e0 un plan de retraite internationale[\/vc_column_text][vc_btn title=\u00a0\u00bbJe veux en savoir plus\u00a0\u00bb shape=\u00a0\u00bbsquare\u00a0\u00bb color=\u00a0\u00bbvista-blue\u00a0\u00bb align=\u00a0\u00bbcenter\u00a0\u00bb css_animation=\u00a0\u00bbbounceIn\u00a0\u00bb link=\u00a0\u00bburl:https%3A%2F%2Fwww.sagesa.com%2Ffr%2Fcontactez-nous%2F|title:Contactez-nous|target:_blank\u00a0\u00bb][\/vc_column][\/vc_row]<\/p>\n<\/section>","protected":false},"excerpt":{"rendered":"<p>Les b\u00e9n\u00e9fices du portage salarial sont nombreux et la m\u00e9thode s&rsquo;adapte aux cas particuliers. D\u00e9couvrez en les contours et faites vous rappeler par l&rsquo;un de nos consultants pour avoir plus d&rsquo;informations et aborder votre situation particuli\u00e8re.<\/p>\n","protected":false},"author":1,"featured_media":213,"parent":0,"menu_order":0,"comment_status":"closed","ping_status":"closed","template":"page-enterprise-expert.php","meta":{"footnotes":""},"class_list":["post-101","page","type-page","status-publish","has-post-thumbnail","hentry"],"yoast_head":"<!-- This site is optimized with the Yoast SEO plugin v25.2 - https:\/\/yoast.com\/wordpress\/plugins\/seo\/ -->\n<title>Accompagnement \u00e0 la mobilit\u00e9 internationale pour les experts internationaux | Sage SA<\/title>\n<meta name=\"description\" content=\"Vous \u00eates expatri\u00e9 ou consultant international\u00a0et souhaitez travailler \u00e0 l\u2019\u00e9tranger ? Sage SA prend en charge les aspects administratifs complexes que vous \u00eates susceptible de rencontrer.\" \/>\n<meta name=\"robots\" content=\"index, follow, max-snippet:-1, max-image-preview:large, max-video-preview:-1\" \/>\n<link rel=\"canonical\" href=\"https:\/\/www.sagesa.com\/fr\/vous-etes-expatrie-ou-consultant-international\/\" \/>\n<meta property=\"og:locale\" content=\"fr_FR\" \/>\n<meta property=\"og:type\" content=\"article\" \/>\n<meta property=\"og:title\" content=\"Accompagnement \u00e0 la mobilit\u00e9 internationale pour les experts internationaux | Sage SA\" \/>\n<meta property=\"og:description\" content=\"Vous \u00eates expatri\u00e9 ou consultant international\u00a0et souhaitez travailler \u00e0 l\u2019\u00e9tranger ? Sage SA prend en charge les aspects administratifs complexes que vous \u00eates susceptible de rencontrer.\" \/>\n<meta property=\"og:url\" content=\"https:\/\/www.sagesa.com\/fr\/vous-etes-expatrie-ou-consultant-international\/\" \/>\n<meta property=\"og:site_name\" content=\"Sage SA\" \/>\n<meta property=\"article:modified_time\" content=\"2022-06-07T13:12:39+00:00\" \/>\n<meta property=\"og:image\" content=\"https:\/\/www.sagesa.com\/wp-content\/uploads\/2020\/12\/SageSa_Vous-etes-expatries-consultant-international-1024x480.png\" \/>\n\t<meta property=\"og:image:width\" content=\"1024\" \/>\n\t<meta property=\"og:image:height\" content=\"480\" \/>\n\t<meta property=\"og:image:type\" content=\"image\/png\" \/>\n<meta name=\"twitter:card\" content=\"summary_large_image\" \/>\n<meta name=\"twitter:label1\" content=\"Est. reading time\" \/>\n\t<meta name=\"twitter:data1\" content=\"3 minutes\" \/>\n<script type=\"application\/ld+json\" class=\"yoast-schema-graph\">{\"@context\":\"https:\/\/schema.org\",\"@graph\":[{\"@type\":\"WebPage\",\"@id\":\"https:\/\/www.sagesa.com\/fr\/vous-etes-expatrie-ou-consultant-international\/\",\"url\":\"https:\/\/www.sagesa.com\/fr\/vous-etes-expatrie-ou-consultant-international\/\",\"name\":\"Accompagnement \u00e0 la mobilit\u00e9 internationale pour les experts internationaux | Sage SA\",\"isPartOf\":{\"@id\":\"https:\/\/www.sagesa.com\/fr\/#website\"},\"primaryImageOfPage\":{\"@id\":\"https:\/\/www.sagesa.com\/fr\/vous-etes-expatrie-ou-consultant-international\/#primaryimage\"},\"image\":{\"@id\":\"https:\/\/www.sagesa.com\/fr\/vous-etes-expatrie-ou-consultant-international\/#primaryimage\"},\"thumbnailUrl\":\"https:\/\/www.sagesa.com\/wp-content\/uploads\/2020\/12\/SageSa_Vous-etes-expatries-consultant-international.png\",\"datePublished\":\"2020-12-11T16:24:26+00:00\",\"dateModified\":\"2022-06-07T13:12:39+00:00\",\"description\":\"Vous \u00eates expatri\u00e9 ou consultant international\u00a0et souhaitez travailler \u00e0 l\u2019\u00e9tranger ? Sage SA prend en charge les aspects administratifs complexes que vous \u00eates susceptible de rencontrer.\",\"breadcrumb\":{\"@id\":\"https:\/\/www.sagesa.com\/fr\/vous-etes-expatrie-ou-consultant-international\/#breadcrumb\"},\"inLanguage\":\"fr-FR\",\"potentialAction\":[{\"@type\":\"ReadAction\",\"target\":[\"https:\/\/www.sagesa.com\/fr\/vous-etes-expatrie-ou-consultant-international\/\"]}]},{\"@type\":\"ImageObject\",\"inLanguage\":\"fr-FR\",\"@id\":\"https:\/\/www.sagesa.com\/fr\/vous-etes-expatrie-ou-consultant-international\/#primaryimage\",\"url\":\"https:\/\/www.sagesa.com\/wp-content\/uploads\/2020\/12\/SageSa_Vous-etes-expatries-consultant-international.png\",\"contentUrl\":\"https:\/\/www.sagesa.com\/wp-content\/uploads\/2020\/12\/SageSa_Vous-etes-expatries-consultant-international.png\",\"width\":1920,\"height\":900,\"caption\":\"Sage Sa : vous etes expatries ou consultant international\"},{\"@type\":\"BreadcrumbList\",\"@id\":\"https:\/\/www.sagesa.com\/fr\/vous-etes-expatrie-ou-consultant-international\/#breadcrumb\",\"itemListElement\":[{\"@type\":\"ListItem\",\"position\":1,\"name\":\"Accueil\",\"item\":\"https:\/\/www.sagesa.com\/fr\/\"},{\"@type\":\"ListItem\",\"position\":2,\"name\":\"Vous \u00eates un expert consultant\"}]},{\"@type\":\"WebSite\",\"@id\":\"https:\/\/www.sagesa.com\/fr\/#website\",\"url\":\"https:\/\/www.sagesa.com\/fr\/\",\"name\":\"Sage SA\",\"description\":\"Un site utilisant WordPress\",\"publisher\":{\"@id\":\"https:\/\/www.sagesa.com\/fr\/#organization\"},\"potentialAction\":[{\"@type\":\"SearchAction\",\"target\":{\"@type\":\"EntryPoint\",\"urlTemplate\":\"https:\/\/www.sagesa.com\/fr\/?s={search_term_string}\"},\"query-input\":{\"@type\":\"PropertyValueSpecification\",\"valueRequired\":true,\"valueName\":\"search_term_string\"}}],\"inLanguage\":\"fr-FR\"},{\"@type\":\"Organization\",\"@id\":\"https:\/\/www.sagesa.com\/fr\/#organization\",\"name\":\"SAGE SA\",\"url\":\"https:\/\/www.sagesa.com\/fr\/\",\"logo\":{\"@type\":\"ImageObject\",\"inLanguage\":\"fr-FR\",\"@id\":\"https:\/\/www.sagesa.com\/fr\/#\/schema\/logo\/image\/\",\"url\":\"https:\/\/www.sagesa.com\/wp-content\/uploads\/2024\/02\/logo_sage_rvb.jpg\",\"contentUrl\":\"https:\/\/www.sagesa.com\/wp-content\/uploads\/2024\/02\/logo_sage_rvb.jpg\",\"width\":1784,\"height\":1035,\"caption\":\"SAGE SA\"},\"image\":{\"@id\":\"https:\/\/www.sagesa.com\/fr\/#\/schema\/logo\/image\/\"},\"sameAs\":[\"https:\/\/www.linkedin.com\/company\/sage-sa-portage-salarial-international\"]}]}<\/script>\n<!-- \/ Yoast SEO plugin. -->","yoast_head_json":{"title":"Accompagnement \u00e0 la mobilit\u00e9 internationale pour les experts internationaux | Sage SA","description":"Vous \u00eates expatri\u00e9 ou consultant international\u00a0et souhaitez travailler \u00e0 l\u2019\u00e9tranger ? Sage SA prend en charge les aspects administratifs complexes que vous \u00eates susceptible de rencontrer.","robots":{"index":"index","follow":"follow","max-snippet":"max-snippet:-1","max-image-preview":"max-image-preview:large","max-video-preview":"max-video-preview:-1"},"canonical":"https:\/\/www.sagesa.com\/fr\/vous-etes-expatrie-ou-consultant-international\/","og_locale":"fr_FR","og_type":"article","og_title":"Accompagnement \u00e0 la mobilit\u00e9 internationale pour les experts internationaux | Sage SA","og_description":"Vous \u00eates expatri\u00e9 ou consultant international\u00a0et souhaitez travailler \u00e0 l\u2019\u00e9tranger ? Sage SA prend en charge les aspects administratifs complexes que vous \u00eates susceptible de rencontrer.","og_url":"https:\/\/www.sagesa.com\/fr\/vous-etes-expatrie-ou-consultant-international\/","og_site_name":"Sage SA","article_modified_time":"2022-06-07T13:12:39+00:00","og_image":[{"width":1024,"height":480,"url":"https:\/\/www.sagesa.com\/wp-content\/uploads\/2020\/12\/SageSa_Vous-etes-expatries-consultant-international-1024x480.png","type":"image\/png"}],"twitter_card":"summary_large_image","twitter_misc":{"Est. reading time":"3 minutes"},"schema":{"@context":"https:\/\/schema.org","@graph":[{"@type":"WebPage","@id":"https:\/\/www.sagesa.com\/fr\/vous-etes-expatrie-ou-consultant-international\/","url":"https:\/\/www.sagesa.com\/fr\/vous-etes-expatrie-ou-consultant-international\/","name":"Accompagnement \u00e0 la mobilit\u00e9 internationale pour les experts internationaux | Sage SA","isPartOf":{"@id":"https:\/\/www.sagesa.com\/fr\/#website"},"primaryImageOfPage":{"@id":"https:\/\/www.sagesa.com\/fr\/vous-etes-expatrie-ou-consultant-international\/#primaryimage"},"image":{"@id":"https:\/\/www.sagesa.com\/fr\/vous-etes-expatrie-ou-consultant-international\/#primaryimage"},"thumbnailUrl":"https:\/\/www.sagesa.com\/wp-content\/uploads\/2020\/12\/SageSa_Vous-etes-expatries-consultant-international.png","datePublished":"2020-12-11T16:24:26+00:00","dateModified":"2022-06-07T13:12:39+00:00","description":"Vous \u00eates expatri\u00e9 ou consultant international\u00a0et souhaitez travailler \u00e0 l\u2019\u00e9tranger ? Sage SA prend en charge les aspects administratifs complexes que vous \u00eates susceptible de rencontrer.","breadcrumb":{"@id":"https:\/\/www.sagesa.com\/fr\/vous-etes-expatrie-ou-consultant-international\/#breadcrumb"},"inLanguage":"fr-FR","potentialAction":[{"@type":"ReadAction","target":["https:\/\/www.sagesa.com\/fr\/vous-etes-expatrie-ou-consultant-international\/"]}]},{"@type":"ImageObject","inLanguage":"fr-FR","@id":"https:\/\/www.sagesa.com\/fr\/vous-etes-expatrie-ou-consultant-international\/#primaryimage","url":"https:\/\/www.sagesa.com\/wp-content\/uploads\/2020\/12\/SageSa_Vous-etes-expatries-consultant-international.png","contentUrl":"https:\/\/www.sagesa.com\/wp-content\/uploads\/2020\/12\/SageSa_Vous-etes-expatries-consultant-international.png","width":1920,"height":900,"caption":"Sage Sa : vous etes expatries ou consultant international"},{"@type":"BreadcrumbList","@id":"https:\/\/www.sagesa.com\/fr\/vous-etes-expatrie-ou-consultant-international\/#breadcrumb","itemListElement":[{"@type":"ListItem","position":1,"name":"Accueil","item":"https:\/\/www.sagesa.com\/fr\/"},{"@type":"ListItem","position":2,"name":"Vous \u00eates un expert consultant"}]},{"@type":"WebSite","@id":"https:\/\/www.sagesa.com\/fr\/#website","url":"https:\/\/www.sagesa.com\/fr\/","name":"Sage SA","description":"Un site utilisant WordPress","publisher":{"@id":"https:\/\/www.sagesa.com\/fr\/#organization"},"potentialAction":[{"@type":"SearchAction","target":{"@type":"EntryPoint","urlTemplate":"https:\/\/www.sagesa.com\/fr\/?s={search_term_string}"},"query-input":{"@type":"PropertyValueSpecification","valueRequired":true,"valueName":"search_term_string"}}],"inLanguage":"fr-FR"},{"@type":"Organization","@id":"https:\/\/www.sagesa.com\/fr\/#organization","name":"SAGE SA","url":"https:\/\/www.sagesa.com\/fr\/","logo":{"@type":"ImageObject","inLanguage":"fr-FR","@id":"https:\/\/www.sagesa.com\/fr\/#\/schema\/logo\/image\/","url":"https:\/\/www.sagesa.com\/wp-content\/uploads\/2024\/02\/logo_sage_rvb.jpg","contentUrl":"https:\/\/www.sagesa.com\/wp-content\/uploads\/2024\/02\/logo_sage_rvb.jpg","width":1784,"height":1035,"caption":"SAGE SA"},"image":{"@id":"https:\/\/www.sagesa.com\/fr\/#\/schema\/logo\/image\/"},"sameAs":["https:\/\/www.linkedin.com\/company\/sage-sa-portage-salarial-international"]}]}},"_links":{"self":[{"href":"https:\/\/www.sagesa.com\/fr\/wp-json\/wp\/v2\/pages\/101","targetHints":{"allow":["GET"]}}],"collection":[{"href":"https:\/\/www.sagesa.com\/fr\/wp-json\/wp\/v2\/pages"}],"about":[{"href":"https:\/\/www.sagesa.com\/fr\/wp-json\/wp\/v2\/types\/page"}],"author":[{"embeddable":true,"href":"https:\/\/www.sagesa.com\/fr\/wp-json\/wp\/v2\/users\/1"}],"replies":[{"embeddable":true,"href":"https:\/\/www.sagesa.com\/fr\/wp-json\/wp\/v2\/comments?post=101"}],"version-history":[{"count":0,"href":"https:\/\/www.sagesa.com\/fr\/wp-json\/wp\/v2\/pages\/101\/revisions"}],"wp:featuredmedia":[{"embeddable":true,"href":"https:\/\/www.sagesa.com\/fr\/wp-json\/wp\/v2\/media\/213"}],"wp:attachment":[{"href":"https:\/\/www.sagesa.com\/fr\/wp-json\/wp\/v2\/media?parent=101"}],"curies":[{"name":"wp","href":"https:\/\/api.w.org\/{rel}","templated":true}]}}