{"id":3,"date":"2020-12-01T15:58:44","date_gmt":"2020-12-01T14:58:44","guid":{"rendered":"http:\/\/www.sagesa.com\/?page_id=3"},"modified":"2023-04-12T11:24:09","modified_gmt":"2023-04-12T09:24:09","slug":"politique-de-confidentialite","status":"publish","type":"page","link":"https:\/\/www.sagesa.com\/fr\/politique-de-confidentialite\/","title":{"rendered":"Politique de confidentialit\u00e9"},"content":{"rendered":"<section class=\"wpb-content-wrapper\"><p>[vc_row][vc_column][vc_column_text]<\/p>\n<h2>Champ d\u2019application de la politique de gestion des donn\u00e9es personnelles<\/h2>\n<p>La pr\u00e9sente politique de gestion des donn\u00e9es personnelles vous informe sur les modalit\u00e9s de collecte, de traitement et d\u2019utilisation de vos donn\u00e9es personnelles lors de :<\/p>\n<ul>\n<li>Vos visites sur notre site Internet,<\/li>\n<li>L\u2019utilisation des diff\u00e9rents services propos\u00e9s sur notre site Internet,<\/li>\n<li>Vos prises de contacts et demandes d\u2019information aupr\u00e8s des \u00e9quipes Sage SA<\/li>\n<li>Vos demandes de simulation de r\u00e9mun\u00e9ration nette<\/li>\n<\/ul>\n<p>&nbsp;<\/p>\n<h2>Responsable du traitement des donn\u00e9es<\/h2>\n<p>Les donn\u00e9es personnelles collect\u00e9es sur notre site Internet, sont trait\u00e9es par :<br \/>\n<a href=\"mailto:contact@sagesa.com\">contact@sagesa.com<\/a><\/p>\n<p>&nbsp;<\/p>\n<p>En tant que responsable de traitement, Bernard Rozinthe d\u00e9finit pour quel usage, par quels moyens et comment vos donn\u00e9es personnelles sont utilis\u00e9es.<\/p>\n<p>&nbsp;<\/p>\n<h2>Types de donn\u00e9es collect\u00e9es<\/h2>\n<p>Vous pouvez \u00eatre amen\u00e9 \u00e0 nous communiquer directement vos donn\u00e9es personnelles dans le cadre de l\u2019utilisation de certains services de notre site Internet, notamment lorsque vous compl\u00e9tez un formulaire pour :<\/p>\n<ul>\n<li>contacter ou demander une information aux \u00e9quipes Sage SA<\/li>\n<li>faire une simulation de r\u00e9mun\u00e9ration nette<\/li>\n<\/ul>\n<p>&nbsp;<\/p>\n<p>Les donn\u00e9es \u00e0 caract\u00e8re personnel que vous devez obligatoirement renseigner sur ces formulaires sont identifi\u00e9es par un ast\u00e9risque (*). Sans ces informations, nous ne pourrons enregistre votre demande et y donner suite.<\/p>\n<p>Nous ne pourrons pas faire droit \u00e0 vos demandes de toutes natures si vous exercez votre droit d&rsquo;opposition au traitement de vos donn\u00e9es \u00e0 caract\u00e8re personnel avant d\u2019avoir obtenu un retour de notre part.<\/p>\n<p>&nbsp;<\/p>\n<p>Lors de la consultation de notre site Internet, le navigateur de votre terminal informatique envoie automatiquement des donn\u00e9es que nous sommes susceptibles de collecter et d\u2019enregistrer. Ces donn\u00e9es peuvent notamment concerner :<\/p>\n<ul>\n<li>L\u2019adresse IP, les caract\u00e9ristiques du syst\u00e8me d\u2019exploitation, du navigateur ou des appareils (ordinateur, tablette, smartphone) que vous utilisez pour acc\u00e9der \u00e0 notre site Internet,<\/li>\n<li>Votre parcours de navigation et vos interactions avec le contenu de notre site, tels que le site web\/application, \u00e0 partir duquel\/de laquelle l\u2019acc\u00e8s est op\u00e9r\u00e9, les pages visit\u00e9es, la date, heure et dur\u00e9e de vos visites, le volume de donn\u00e9es transmis, les mots-clefs de recherche utilis\u00e9s, la fr\u00e9quence de vos visites.<\/li>\n<\/ul>\n<p>&nbsp;<\/p>\n<p>Vos donn\u00e9es personnelles de navigation sont principalement collect\u00e9es \u00e0 l\u2019aide de cookies. Pour obtenir davantage d\u2019informations concernant l\u2019utilisation de ces cookies, nous vous invitons \u00e0 vous reporter \u00e0 l\u2019article \u00ab\u00a0Cookies\u00a0\u00bb de la pr\u00e9sente politique de confidentialit\u00e9.<\/p>\n<p>&nbsp;<\/p>\n<h2>Cookies<\/h2>\n<p>Notre site Internet utilise des cookies. Un cookie est un petit fichier texte qui est plac\u00e9 ou stock\u00e9 sur votre terminal (ordinateur, tablette ou appareil mobile) lorsque vous visitez un site internet. Le cookie permet \u00e0 un site de vous reconna\u00eetre, de vous aider \u00e0 naviguer de page en page sur un site internet, fournit des connexions s\u00e9curis\u00e9es et se souvient de vos pr\u00e9f\u00e9rences lors de vos prochaines visites.<\/p>\n<p>Un cookie ne sert pas \u00e0 recueillir des donn\u00e9es personnelles \u00e0 votre insu mais \u00e0 enregistrer des informations relatives \u00e0 votre navigation.<\/p>\n<p>&nbsp;<\/p>\n<p>Les cat\u00e9gories de cookies que nous utilisons sur notre site Internet et leurs finalit\u00e9s sont les suivants :<\/p>\n<ul>\n<li>Cookies n\u00e9cessaires \u00e0 la fourniture des services ou des informations que vous demandez (exemple\u00a0 vid\u00e9os)<\/li>\n<li>Cookies de mesure d&rsquo;audience de notre site Internet utilis\u00e9 pour la r\u00e9alisation de statistiques anonymis\u00e9es,<\/li>\n<li>Cookies de suivi et de personnalisation de votre navigation (analyse et optimisation de la navigation).<\/li>\n<\/ul>\n<p>Lors de votre premi\u00e8re visite sur notre site Internet, une pop-in explicative vous informe sur les cookies utilis\u00e9s. En cliquant sur le bouton \u00ab Personnaliser \u00bb pr\u00e9sent dans cette pop-in, vous avez la possibilit\u00e9 de vous opposer \u00e0 l\u2019usage des cookies soumis \u00e0 consentement selon leurs finalit\u00e9s. Le consentement ainsi donn\u00e9 est valable pour une p\u00e9riode de 13 mois. Vous pouvez, \u00e0 tout moment, modifier vos choix en cliquant sur le lien \u00ab gestion des cookies \u00bb pr\u00e9sent en bas de l\u2019ensemble des pages de notre site Internet.<\/p>\n<p>Vous pouvez par ailleurs param\u00e9trer votre navigateur afin de refuser ou d\u2019accepter les cookies dans leur globalit\u00e9 ou selon leur finalit\u00e9, et modifier vos choix \u00e0 tout moment.<\/p>\n<p>&nbsp;<\/p>\n<p>Nous attirons votre attention sur le fait que si vous bloquez tout ou partie des cookies, vous ne pourrez pas utiliser toutes les fonctionnalit\u00e9s des pages de notre site Internet.<\/p>\n<p>Pour plus d\u2019informations sur l\u2019utilisation, la gestion et la suppression des cookies sur tout type de navigateur, nous vous invitons \u00e0 consulter le lien suivant : h<a href=\"ttps:\/\/www.cnil.fr\/fr\/cookies-les-outils-pour-les-maitriser\">ttps:\/\/www.cnil.fr\/fr\/cookies-les-outils-pour-les-maitriser<\/a>.<\/p>\n<div id=\"matomo-opt-out\"><\/div>\n<p><script src=\"https:\/\/analytics.addviso.com\/index.php?module=CoreAdminHome&#038;action=optOutJS&#038;divId=matomo-opt-out&#038;language=auto&#038;showIntro=1\"><\/script><\/p>\n<p>&nbsp;<\/p>\n<h2>Utilisation des donn\u00e9es<\/h2>\n<p>Nous collectons et traitons vos donn\u00e9es personnelles principalement pour les finalit\u00e9s suivantes :<\/p>\n<ul>\n<li>Vous fournir l\u2019acc\u00e8s \u00e0 certains services et fonctionnalit\u00e9s de notre site Internet ;<\/li>\n<li>R\u00e9aliser des statistiques internes sur l\u2019utilisation de notre site Internet ;<\/li>\n<li>Optimiser le fonctionnement et les services de notre site Internet ;<\/li>\n<li>Personnaliser l\u2019exp\u00e9rience utilisateur de notre site Internet pour r\u00e9pondre \u00e0 vos besoins individuels ;<\/li>\n<li>Maintenir la s\u00e9curit\u00e9 de notre site Internet et emp\u00eacher la fraude ;<\/li>\n<li>Traiter vos prises de contacts et vos demandes d\u2019information<\/li>\n<li>Traiter vos demandes de simulation de r\u00e9mun\u00e9ration nette<\/li>\n<\/ul>\n<h2>Dur\u00e9e de conservation des donn\u00e9es<\/h2>\n<p>De mani\u00e8re g\u00e9n\u00e9rale, nous conservons vos donn\u00e9es personnelles aussi longtemps que n\u00e9cessaire \u00e0 l\u2019accomplissement des op\u00e9rations pour lesquelles elles ont \u00e9t\u00e9 collect\u00e9es ou si nous avons un int\u00e9r\u00eat l\u00e9gitime \u00e0 les conserver au-del\u00e0 de cette dur\u00e9e.<\/p>\n<p>&nbsp;<\/p>\n<h2>Destinataire des donn\u00e9es<\/h2>\n<p>Les donn\u00e9es collect\u00e9es sont destin\u00e9es \u00e0 l&rsquo;usage de SAGE SA.<\/p>\n<p>SAGE SA ne vend ni ne loue vos donn\u00e9es personnelles \u00e0 des tiers \u00e0 des fins de marketing.<br \/>\nEn outre, SAGE SA ne divulgue pas vos donn\u00e9es personnelles \u00e0 des tiers, except\u00e9 si SAGE SA y est contraint par une autorit\u00e9 gouvernementale ou un organisme de r\u00e9glementation, en cas de r\u00e9quisition judiciaire, de citation \u00e0 compara\u00eetre ou de toute autre exigence gouvernementale ou judiciaire similaire, ou pour \u00e9tablir ou d\u00e9fendre une demande l\u00e9gale.<\/p>\n<p>&nbsp;<\/p>\n<h2>Droit d\u2019acc\u00e8s, de rectification et de suppression<\/h2>\n<p>Conform\u00e9ment \u00e0 la r\u00e9glementation en vigueur sur la protection des donn\u00e9es personnelles, vous pouvez exercer \u00e0 tout moment les droits suivants au sujet des informations vous concernant :<\/p>\n<ul>\n<li>Acc\u00e8s \u00e0 vos donn\u00e9es personnelles,<\/li>\n<li>Rectification de vos donn\u00e9es personnelles,<\/li>\n<li>Effacement de vos donn\u00e9es personnelles,<\/li>\n<li>Limitation du traitement de vos donn\u00e9es personnelles,<\/li>\n<li>Opposition au traitement de vos donn\u00e9es personnelles,<\/li>\n<li>Retrait du consentement au traitement de vos donn\u00e9es personnelles,<\/li>\n<li>Portabilit\u00e9 de vos donn\u00e9es personnelles,<\/li>\n<li>D\u00e9finition de directives post mortem sur le sort de vos donn\u00e9es.<\/li>\n<\/ul>\n<p>&nbsp;<\/p>\n<p>Vous pouvez exercer l\u2019ensemble des ces droits, \u00e0 tout moment, en [d\u00e9tail de la proc\u00e9dure mise en place].<\/p>\n<p>&nbsp;<\/p>\n<h2>Mesures de s\u00e9curit\u00e9 prises par Sage SA pour assurer la protection des donn\u00e9es personnelles<\/h2>\n<p>Sage SA met en \u0153uvre tout moyen technique conform\u00e9ment aux r\u00e8gles de l\u2019art pour maintenir l\u2019int\u00e9grit\u00e9, la s\u00e9curit\u00e9, la confidentialit\u00e9 des donn\u00e9es et notamment emp\u00eacher qu\u2019elles soient d\u00e9form\u00e9es, endommag\u00e9es, ou que des tiers non autoris\u00e9s y aient acc\u00e8s.[\/vc_column_text][\/vc_column][\/vc_row]<\/p>\n<\/section>","protected":false},"excerpt":{"rendered":"<p>[vc_row][vc_column][vc_column_text] Champ d\u2019application de la politique de gestion des donn\u00e9es personnelles La pr\u00e9sente politique de gestion des donn\u00e9es personnelles vous informe sur les modalit\u00e9s de collecte, de traitement et d\u2019utilisation de vos donn\u00e9es personnelles lors de : Vos visites sur notre site Internet, L\u2019utilisation des diff\u00e9rents services propos\u00e9s sur notre site Internet, Vos prises de [&hellip;]<\/p>\n","protected":false},"author":1,"featured_media":0,"parent":0,"menu_order":0,"comment_status":"closed","ping_status":"open","template":"","meta":{"footnotes":""},"class_list":["post-3","page","type-page","status-publish","hentry"],"yoast_head":"<!-- This site is optimized with the Yoast SEO plugin v25.2 - https:\/\/yoast.com\/wordpress\/plugins\/seo\/ -->\n<title>Politique de confidentialit\u00e9 - Sage SA<\/title>\n<meta name=\"description\" content=\"Consultez la politique de confidentialit\u00e9 du site www.sagea.com, soci\u00e9t\u00e9 de portage international depuis plus de 30 ans.\" \/>\n<meta name=\"robots\" content=\"index, follow, max-snippet:-1, max-image-preview:large, max-video-preview:-1\" \/>\n<link rel=\"canonical\" href=\"https:\/\/www.sagesa.com\/fr\/politique-de-confidentialite\/\" \/>\n<meta property=\"og:locale\" content=\"fr_FR\" \/>\n<meta property=\"og:type\" content=\"article\" \/>\n<meta property=\"og:title\" content=\"Politique de confidentialit\u00e9 - Sage SA\" \/>\n<meta property=\"og:description\" content=\"Consultez la politique de confidentialit\u00e9 du site www.sagea.com, soci\u00e9t\u00e9 de portage international depuis plus de 30 ans.\" \/>\n<meta property=\"og:url\" content=\"https:\/\/www.sagesa.com\/fr\/politique-de-confidentialite\/\" \/>\n<meta property=\"og:site_name\" content=\"Sage SA\" \/>\n<meta property=\"article:modified_time\" content=\"2023-04-12T09:24:09+00:00\" \/>\n<meta name=\"twitter:card\" content=\"summary_large_image\" \/>\n<meta name=\"twitter:label1\" content=\"Est. reading time\" \/>\n\t<meta name=\"twitter:data1\" content=\"5 minutes\" \/>\n<script type=\"application\/ld+json\" class=\"yoast-schema-graph\">{\"@context\":\"https:\/\/schema.org\",\"@graph\":[{\"@type\":\"WebPage\",\"@id\":\"https:\/\/www.sagesa.com\/fr\/politique-de-confidentialite\/\",\"url\":\"https:\/\/www.sagesa.com\/fr\/politique-de-confidentialite\/\",\"name\":\"Politique de confidentialit\u00e9 - Sage SA\",\"isPartOf\":{\"@id\":\"https:\/\/www.sagesa.com\/fr\/#website\"},\"datePublished\":\"2020-12-01T14:58:44+00:00\",\"dateModified\":\"2023-04-12T09:24:09+00:00\",\"description\":\"Consultez la politique de confidentialit\u00e9 du site www.sagea.com, soci\u00e9t\u00e9 de portage international depuis plus de 30 ans.\",\"breadcrumb\":{\"@id\":\"https:\/\/www.sagesa.com\/fr\/politique-de-confidentialite\/#breadcrumb\"},\"inLanguage\":\"fr-FR\",\"potentialAction\":[{\"@type\":\"ReadAction\",\"target\":[\"https:\/\/www.sagesa.com\/fr\/politique-de-confidentialite\/\"]}]},{\"@type\":\"BreadcrumbList\",\"@id\":\"https:\/\/www.sagesa.com\/fr\/politique-de-confidentialite\/#breadcrumb\",\"itemListElement\":[{\"@type\":\"ListItem\",\"position\":1,\"name\":\"Accueil\",\"item\":\"https:\/\/www.sagesa.com\/fr\/\"},{\"@type\":\"ListItem\",\"position\":2,\"name\":\"Politique de confidentialit\u00e9\"}]},{\"@type\":\"WebSite\",\"@id\":\"https:\/\/www.sagesa.com\/fr\/#website\",\"url\":\"https:\/\/www.sagesa.com\/fr\/\",\"name\":\"Sage SA\",\"description\":\"Expert historique du portage salarial international\",\"publisher\":{\"@id\":\"https:\/\/www.sagesa.com\/fr\/#organization\"},\"potentialAction\":[{\"@type\":\"SearchAction\",\"target\":{\"@type\":\"EntryPoint\",\"urlTemplate\":\"https:\/\/www.sagesa.com\/fr\/?s={search_term_string}\"},\"query-input\":{\"@type\":\"PropertyValueSpecification\",\"valueRequired\":true,\"valueName\":\"search_term_string\"}}],\"inLanguage\":\"fr-FR\"},{\"@type\":\"Organization\",\"@id\":\"https:\/\/www.sagesa.com\/fr\/#organization\",\"name\":\"SAGE SA\",\"url\":\"https:\/\/www.sagesa.com\/fr\/\",\"logo\":{\"@type\":\"ImageObject\",\"inLanguage\":\"fr-FR\",\"@id\":\"https:\/\/www.sagesa.com\/fr\/#\/schema\/logo\/image\/\",\"url\":\"https:\/\/www.sagesa.com\/wp-content\/uploads\/2024\/02\/logo_sage_rvb.jpg\",\"contentUrl\":\"https:\/\/www.sagesa.com\/wp-content\/uploads\/2024\/02\/logo_sage_rvb.jpg\",\"width\":1784,\"height\":1035,\"caption\":\"SAGE SA\"},\"image\":{\"@id\":\"https:\/\/www.sagesa.com\/fr\/#\/schema\/logo\/image\/\"},\"sameAs\":[\"https:\/\/www.linkedin.com\/company\/sage-sa-portage-salarial-international\"]}]}<\/script>\n<!-- \/ Yoast SEO plugin. -->","yoast_head_json":{"title":"Politique de confidentialit\u00e9 - Sage SA","description":"Consultez la politique de confidentialit\u00e9 du site www.sagea.com, soci\u00e9t\u00e9 de portage international depuis plus de 30 ans.","robots":{"index":"index","follow":"follow","max-snippet":"max-snippet:-1","max-image-preview":"max-image-preview:large","max-video-preview":"max-video-preview:-1"},"canonical":"https:\/\/www.sagesa.com\/fr\/politique-de-confidentialite\/","og_locale":"fr_FR","og_type":"article","og_title":"Politique de confidentialit\u00e9 - Sage SA","og_description":"Consultez la politique de confidentialit\u00e9 du site www.sagea.com, soci\u00e9t\u00e9 de portage international depuis plus de 30 ans.","og_url":"https:\/\/www.sagesa.com\/fr\/politique-de-confidentialite\/","og_site_name":"Sage SA","article_modified_time":"2023-04-12T09:24:09+00:00","twitter_card":"summary_large_image","twitter_misc":{"Est. reading time":"5 minutes"},"schema":{"@context":"https:\/\/schema.org","@graph":[{"@type":"WebPage","@id":"https:\/\/www.sagesa.com\/fr\/politique-de-confidentialite\/","url":"https:\/\/www.sagesa.com\/fr\/politique-de-confidentialite\/","name":"Politique de confidentialit\u00e9 - Sage SA","isPartOf":{"@id":"https:\/\/www.sagesa.com\/fr\/#website"},"datePublished":"2020-12-01T14:58:44+00:00","dateModified":"2023-04-12T09:24:09+00:00","description":"Consultez la politique de confidentialit\u00e9 du site www.sagea.com, soci\u00e9t\u00e9 de portage international depuis plus de 30 ans.","breadcrumb":{"@id":"https:\/\/www.sagesa.com\/fr\/politique-de-confidentialite\/#breadcrumb"},"inLanguage":"fr-FR","potentialAction":[{"@type":"ReadAction","target":["https:\/\/www.sagesa.com\/fr\/politique-de-confidentialite\/"]}]},{"@type":"BreadcrumbList","@id":"https:\/\/www.sagesa.com\/fr\/politique-de-confidentialite\/#breadcrumb","itemListElement":[{"@type":"ListItem","position":1,"name":"Accueil","item":"https:\/\/www.sagesa.com\/fr\/"},{"@type":"ListItem","position":2,"name":"Politique de confidentialit\u00e9"}]},{"@type":"WebSite","@id":"https:\/\/www.sagesa.com\/fr\/#website","url":"https:\/\/www.sagesa.com\/fr\/","name":"Sage SA","description":"Expert historique du portage salarial international","publisher":{"@id":"https:\/\/www.sagesa.com\/fr\/#organization"},"potentialAction":[{"@type":"SearchAction","target":{"@type":"EntryPoint","urlTemplate":"https:\/\/www.sagesa.com\/fr\/?s={search_term_string}"},"query-input":{"@type":"PropertyValueSpecification","valueRequired":true,"valueName":"search_term_string"}}],"inLanguage":"fr-FR"},{"@type":"Organization","@id":"https:\/\/www.sagesa.com\/fr\/#organization","name":"SAGE SA","url":"https:\/\/www.sagesa.com\/fr\/","logo":{"@type":"ImageObject","inLanguage":"fr-FR","@id":"https:\/\/www.sagesa.com\/fr\/#\/schema\/logo\/image\/","url":"https:\/\/www.sagesa.com\/wp-content\/uploads\/2024\/02\/logo_sage_rvb.jpg","contentUrl":"https:\/\/www.sagesa.com\/wp-content\/uploads\/2024\/02\/logo_sage_rvb.jpg","width":1784,"height":1035,"caption":"SAGE SA"},"image":{"@id":"https:\/\/www.sagesa.com\/fr\/#\/schema\/logo\/image\/"},"sameAs":["https:\/\/www.linkedin.com\/company\/sage-sa-portage-salarial-international"]}]}},"_links":{"self":[{"href":"https:\/\/www.sagesa.com\/fr\/wp-json\/wp\/v2\/pages\/3","targetHints":{"allow":["GET"]}}],"collection":[{"href":"https:\/\/www.sagesa.com\/fr\/wp-json\/wp\/v2\/pages"}],"about":[{"href":"https:\/\/www.sagesa.com\/fr\/wp-json\/wp\/v2\/types\/page"}],"author":[{"embeddable":true,"href":"https:\/\/www.sagesa.com\/fr\/wp-json\/wp\/v2\/users\/1"}],"replies":[{"embeddable":true,"href":"https:\/\/www.sagesa.com\/fr\/wp-json\/wp\/v2\/comments?post=3"}],"version-history":[{"count":0,"href":"https:\/\/www.sagesa.com\/fr\/wp-json\/wp\/v2\/pages\/3\/revisions"}],"wp:attachment":[{"href":"https:\/\/www.sagesa.com\/fr\/wp-json\/wp\/v2\/media?parent=3"}],"curies":[{"name":"wp","href":"https:\/\/api.w.org\/{rel}","templated":true}]}}