{"id":5,"date":"2020-12-01T17:09:58","date_gmt":"2020-12-01T16:09:58","guid":{"rendered":"http:\/\/www.sagesa.com\/?page_id=5"},"modified":"2025-10-14T07:54:57","modified_gmt":"2025-10-14T05:54:57","slug":"accueil","status":"publish","type":"page","link":"https:\/\/www.sagesa.com\/fr\/","title":{"rendered":"Accueil"},"content":{"rendered":"<section class=\"wpb-content-wrapper\"><p>[vc_row][vc_column]<section class=\"txt-img padded-top\">\r\n    <div class=\"sv-g\">\r\n      <div class=\"sv-u-1 sv-u-m-1-2 m--left\">\r\n        <div class=\"txt-img__content\">\r\n          <h2>Le portage salarial international, payroll en bref.<\/h2>\r\n          <div class=\"txt-img__text\">\r\n            <p>Le <strong>Payroll aussi nomm\u00e9 parfois portage salarial international <\/strong>s&rsquo;adresse <strong>aux entreprises<\/strong> qui souhaitent d\u00e9ployer des talents \u00e0 l&rsquo;\u00e9tranger, ainsi qu&rsquo;aux <strong>consultants ind\u00e9pendants<\/strong> en qu\u00eate d&rsquo;opportunit\u00e9s internationales.<\/p>\n<p>&nbsp;<\/p>\n<p>Nous vous accompagnons et prenons en charge :<\/p>\n<p>&nbsp;<\/p>\n<ul>\n<li><strong>Les d\u00e9marches administratives<\/strong><\/li>\n<li><strong>L&rsquo;optimisation des revenus<\/strong><\/li>\n<li><strong>La protection m\u00e9dicale<\/strong><\/li>\n<li><strong>L&rsquo;\u00e9laboration des contrats<\/strong><\/li>\n<li><strong>La facturation<\/strong><\/li>\n<li><strong>La paie<\/strong><\/li>\n<\/ul>\n<p>&nbsp;<\/p>\n<p>Avec le <strong>payroll<\/strong> ou <strong>portage salarial international<\/strong>, vous acc\u00e8dez \u00e0 une solution flexible et s\u00e9curis\u00e9e qui <strong>optimise les revenus per\u00e7us,<\/strong> <strong>r\u00e9duit les charges<\/strong>, et vous offre une <strong>tranquillit\u00e9 juridique, fiscale et administrative.<\/strong><\/p>\n<p>&nbsp;<\/p>\n<p>Gagnez en agilit\u00e9, d\u00e9veloppez vos projets sans fronti\u00e8re !<\/p>\r\n                      <\/div>\r\n        <\/div>\r\n      <\/div>\r\n      <div class=\"sv-u-1 sv-u-m-1-2\">\r\n        <figure class=\"txt-img__figure m--home\">\r\n          <img decoding=\"async\" src=\"https:\/\/www.sagesa.com\/wp-content\/uploads\/2020\/12\/infographie_relation_tripartite_sage-international-1-540x475.png\" alt=\"Le portage salarial international, payroll en bref.\">\r\n          <div class=\"rect m--pink\"><\/div>\r\n          <div class=\"rect m--blue\"><\/div>\r\n          <div class=\"rect m--yellow\"><\/div>\r\n        <\/figure>\r\n      <\/div>\r\n    <\/div>\r\n<\/section>\r\n[\/vc_column][\/vc_row][vc_row][vc_column width=\u00a0\u00bb1\/4&Prime;]<div class=\"picto\">\r\n    <div class=\"picto__content shaded\">\r\n        <div class=\"picto__inner\">\r\n            <div class=\"picto__icon\">\r\n                <svg class=\"icon icon-group\"><use xlink:href=\"https:\/\/www.sagesa.com\/wp-content\/themes\/sagesa\/assets\/images\/icons.sprite.svg#icon-group\"><\/use><\/svg>\r\n                <div class=\"picto__bg\"><\/div>\r\n            <\/div>\r\n            <div class=\"picto__text\">\r\n                <p>Faciliter la gestion des expatriations<\/p>\r\n            <\/div>\r\n        <\/div>\r\n    <\/div>\r\n<\/div>\r\n\r\n[\/vc_column][vc_column width=\u00a0\u00bb1\/4&Prime;]<div class=\"picto\">\r\n    <div class=\"picto__content shaded\">\r\n        <div class=\"picto__inner\">\r\n            <div class=\"picto__icon\">\r\n                <svg class=\"icon icon-world\"><use xlink:href=\"https:\/\/www.sagesa.com\/wp-content\/themes\/sagesa\/assets\/images\/icons.sprite.svg#icon-world\"><\/use><\/svg>\r\n                <div class=\"picto__bg\"><\/div>\r\n            <\/div>\r\n            <div class=\"picto__text\">\r\n                <p>Se d\u00e9velopper \u00e0 l'\u00e9tranger<\/p>\r\n            <\/div>\r\n        <\/div>\r\n    <\/div>\r\n<\/div>\r\n\r\n[\/vc_column][vc_column width=\u00a0\u00bb1\/4&Prime;]<div class=\"picto\">\r\n    <div class=\"picto__content shaded\">\r\n        <div class=\"picto__inner\">\r\n            <div class=\"picto__icon\">\r\n                <svg class=\"icon icon-plane\"><use xlink:href=\"https:\/\/www.sagesa.com\/wp-content\/themes\/sagesa\/assets\/images\/icons.sprite.svg#icon-plane\"><\/use><\/svg>\r\n                <div class=\"picto__bg\"><\/div>\r\n            <\/div>\r\n            <div class=\"picto__text\">\r\n                <p>S\u00e9curiser les missions internationales<\/p>\r\n            <\/div>\r\n        <\/div>\r\n    <\/div>\r\n<\/div>\r\n\r\n[\/vc_column][vc_column width=\u00a0\u00bb1\/4&Prime;]<div class=\"picto\">\r\n    <div class=\"picto__content shaded\">\r\n        <div class=\"picto__inner\">\r\n            <div class=\"picto__icon\">\r\n                <svg class=\"icon icon-touch\"><use xlink:href=\"https:\/\/www.sagesa.com\/wp-content\/themes\/sagesa\/assets\/images\/icons.sprite.svg#icon-touch\"><\/use><\/svg>\r\n                <div class=\"picto__bg\"><\/div>\r\n            <\/div>\r\n            <div class=\"picto__text\">\r\n                <p>D\u00e9l\u00e9guer une part de sa gestion administrative<\/p>\r\n            <\/div>\r\n        <\/div>\r\n    <\/div>\r\n<\/div>\r\n\r\n[\/vc_column][\/vc_row][vc_row][vc_column]<section class=\"txt-img padded-top\">\r\n    <div class=\"sv-g\">\r\n      <div class=\"sv-u-1 sv-u-m-1-2 m--left\">\r\n        <div class=\"txt-img__content\">\r\n          <h2>Experts en Mobilit\u00e9 Internationale<\/h2>\r\n          <div class=\"txt-img__text\">\r\n            <p><\/p>\n<h3>Un accompagnement complet pour la gestion de vos expatri\u00e9s<\/h3>\n<p>&nbsp;<\/p>\n<p>Confiez vos projets d&rsquo;expatriation \u00e0 Sage SA, le leader de la <strong>gestion des expatri\u00e9s et de la mobilit\u00e9 internationale.<\/strong><\/p>\n<p>&nbsp;<\/p>\n<p>Depuis plus de 30 ans, nous accompagnons entreprises et particuliers avec des solutions cl\u00e9s en main de<strong> Payroll \/ portage salarial international<\/strong> : gestion administrative, logistique, RH&#8230;<\/p>\n<p><strong>Nous prenons tout en charge !<\/strong><\/p>\n<p>&nbsp;<\/p>\n<p>Gr\u00e2ce \u00e0 notre pr\u00e9sense dans le monde entier et \u00e0 la force du groupe Freelance.com, nous garantissons <strong>un accompagnement personnalis\u00e9, rapide, efficace et s\u00e9curis\u00e9.<\/strong><\/p>\n<p>&nbsp;<\/p>\n<p><strong><a href=\"https:\/\/www.sagesa.com\/fr\/contactez-nous\/\">Parlez \u00e0 nos experts d\u00e9s aujourd&rsquo;hui pour une consultation gratuite<\/a>!<\/strong><\/p>\r\n                      <\/div>\r\n        <\/div>\r\n      <\/div>\r\n      <div class=\"sv-u-1 sv-u-m-1-2\">\r\n        <figure class=\"txt-img__figure m--home\">\r\n          <img decoding=\"async\" src=\"https:\/\/www.sagesa.com\/wp-content\/uploads\/2025\/04\/edgar.png\" alt=\"Experts en Mobilit\u00e9 Internationale\">\r\n          <div class=\"rect m--pink\"><\/div>\r\n          <div class=\"rect m--blue\"><\/div>\r\n          <div class=\"rect m--yellow\"><\/div>\r\n        <\/figure>\r\n      <\/div>\r\n    <\/div>\r\n<\/section>\r\n[\/vc_column][\/vc_row][vc_row][vc_column][vc_hoverbox image=\u00a0\u00bb3732&Prime; primary_title=\u00a0\u00bb\u00a0\u00bb hover_title=\u00a0\u00bbD\u00e9couvrez notre livre blanc sur le portage salarial international\u00a0\u00bb hover_btn_title=\u00a0\u00bbT\u00e9l\u00e9charger\u00a0\u00bb hover_add_button=\u00a0\u00bbtrue\u00a0\u00bb hover_btn_link=\u00a0\u00bburl:https%3A%2F%2Fwww.sagesa.com%2Ffr%2Fdecouvrez-notre-livre-blanc-sur-le-teletravail-international%2F\u00a0\u00bb]Vous souhaitez tout savoir sur les meilleures pratiques pour r\u00e9ussir vos projets d\u2019expatriation et comprendre les avantages du <strong>portage salarial\u202finternational<\/strong> ? T\u00e9l\u00e9chargez gratuitement notre <a href=\"https:\/\/www.sagesa.com\/fr\/decouvrez-notre-livre-blanc-sur-le-teletravail-international\/\"><strong>Livre Blanc exclusif<\/strong>.<\/a><\/p>\n<p>&nbsp;<\/p>\n<p>[\/vc_hoverbox][\/vc_column][\/vc_row][vc_row full_width=\u00a0\u00bbstretch_row\u00a0\u00bb][vc_column]<span class=\"separator\"><\/span>\r\n<section class=\"testimony padded\">\r\n  <div class=\"testimony__content\">\r\n    <div class=\"l-wrapper\">\r\n      <div class=\"sv-g\">\r\n\r\n        <div class=\"sv-u-1 sv-u-m-1-2\">\r\n          <h2 class=\"m--white\">T\u00e9moignages<\/h2>\r\n          <div class=\"testimony__slider-t\">\r\n            <div class=\"slider m--testimony\">\r\n                              <div class=\"slider__slide\" data-href=\"https:\/\/www.sagesa.com\/fr\/prolonger-carriere-portage-salarial-international\/\">\r\n                  <div class=\"content\"><p>\"En tant qu\u2019expert s\u00e9nior \u00e0 l\u2019or\u00e9e de la retraite, j\u2019ai pu ainsi prolonger ma carri\u00e8re \u00e0 l\u2019international, concr\u00e9tiser cette opportunit\u00e9 avec la Chine, et porter mes exp\u00e9riences et mon r\u00e9seau au service de l\u2019un des plus grands groupes internationaux. \"<\/p>\n<\/div>\r\n                  <div class=\"testimony__signature\">\r\n                    <p class=\"testimony__name\">Gilbert Salvi <span class=\"testimony__position\">Executive vice pr\u00e9sident Powerchina International<\/span><\/p>\r\n                  <\/div>\r\n                <\/div>\r\n                              <div class=\"slider__slide\" data-href=\"https:\/\/www.sagesa.com\/fr\/vivre-a-singapour-et-travailler-pour-une-societe-francaise-grace-au-portage-salarial-international\/\">\r\n                  <div class=\"content\"><p>Expatri\u00e9e \u00e0 Singapour, Caroline Bertrand nous parle de son m\u00e9tier de cheffe de projet en d\u00e9veloppement pharmaceutique en portage salarial international et de sa relation avec SAGE. <\/p>\n<\/div>\r\n                  <div class=\"testimony__signature\">\r\n                    <p class=\"testimony__name\">Caroline Bertrand <span class=\"testimony__position\">Cheffe de projet en d\u00e9veloppement pharmaceutique<\/span><\/p>\r\n                  <\/div>\r\n                <\/div>\r\n                              <div class=\"slider__slide\" data-href=\"https:\/\/www.sagesa.com\/fr\/temoignage-de-cecile-duranton-29-ans-export-manager-du-secteur-agroalimentaire-expatriee-en-portage-salarial-international\/\">\r\n                  <div class=\"content\"><p>Ing\u00e9nieur Agronome, devenue responsable de zone export pour un grand groupe agroalimentaire, C\u00e9cile partage son exp\u00e9rience d'expatriation en Espagne via le portage salarial international. <\/p>\n<\/div>\r\n                  <div class=\"testimony__signature\">\r\n                    <p class=\"testimony__name\">Cecile Duranton <span class=\"testimony__position\">Export Manager<\/span><\/p>\r\n                  <\/div>\r\n                <\/div>\r\n                              <div class=\"slider__slide\" data-href=\"https:\/\/www.sagesa.com\/fr\/consultant-en-commercialisation-de-produit-de-haute-technicite-serge-fernandez-beltran-a-trouve-dans-le-portage-salarial-international-une-solution-efficace-pour-prolonger-sa-carriere\/\">\r\n                  <div class=\"content\"><p>\"Le portage salarial en g\u00e9n\u00e9ral, qu\u2019il soit international ou national, est une solution de gestion de Ressources Humaines assez m\u00e9connue. J\u2019aimerai dire aux entreprises comme aux consultants qu\u2019il ne faut pas h\u00e9siter \u00e0 passer le pas. D\u2019un c\u00f4t\u00e9 comme de l\u2019autre les avantages sont nombreux et la confiance durable.\"<\/p>\n<\/div>\r\n                  <div class=\"testimony__signature\">\r\n                    <p class=\"testimony__name\">Marc Fernandez-Beltran <span class=\"testimony__position\">Consultant en commercialisation de produits de haute technicit\u00e9<\/span><\/p>\r\n                  <\/div>\r\n                <\/div>\r\n                              <div class=\"slider__slide\" data-href=\"https:\/\/www.sagesa.com\/fr\/manager-de-transition-en-afrique-leontine-relange-nous-partage-son-experience-du-portage-salarial-international\/\">\r\n                  <div class=\"content\"><p>Manager de transition au sein de gros groupes notamment en Afrique, L\u00e9ontine Relange nous explique quel confort elle a trouv\u00e9 dans le portage salarial international. <\/p>\n<\/div>\r\n                  <div class=\"testimony__signature\">\r\n                    <p class=\"testimony__name\">L\u00e9ontine Relange <span class=\"testimony__position\">Manager de transition<\/span><\/p>\r\n                  <\/div>\r\n                <\/div>\r\n                              <div class=\"slider__slide\" data-href=\"http:\/\/www.sagesa.com\/fr\/interview-dandre-zander\/\">\r\n                  <div class=\"content\"><p> \"SAGE SA est un artisan des ressources humaines internationales. On fait appel \u00e0 ses services comme on fait appel \u00e0 des experts juridiques, pour optimiser la gestion de sa flotte de salari\u00e9s expatri\u00e9s et sous-traiter une partie complexe.\"<\/p>\n<\/div>\r\n                  <div class=\"testimony__signature\">\r\n                    <p class=\"testimony__name\">Andr\u00e9 Zander <span class=\"testimony__position\">Ancien RDH d\u2019ELYO et Dirigeant de Nord Espaces<\/span><\/p>\r\n                  <\/div>\r\n                <\/div>\r\n                              <div class=\"slider__slide\" data-href=\"http:\/\/www.sagesa.com\/fr\/temoignage-de-katell-jaffrelot-sales-export-manager\/\">\r\n                  <div class=\"content\"><p>\"Lorsque j\u2019ai d\u00e9marr\u00e9 mon activit\u00e9 de consultante externe, je ne souhaitais pas g\u00e9rer la partie administrative d\u2019une entreprise et me consacrer \u00e0 100% \u00e0 mon c\u0153ur de m\u00e9tier. Sage prend en charge toutes les t\u00e2ches administratives, facturation, contrat, comptabilit\u00e9, d\u00e9clarations sociales me lib\u00e9rant enti\u00e8rement de l\u2019aspect bureaucratique\"<\/p>\n<\/div>\r\n                  <div class=\"testimony__signature\">\r\n                    <p class=\"testimony__name\">Katell Jaffrelot <span class=\"testimony__position\">Sales Export Manager<\/span><\/p>\r\n                  <\/div>\r\n                <\/div>\r\n                          <\/div>\r\n            <div class=\"testimony__arrows\">\r\n              <button type=\"button\" class=\"arrow shaded m--prev\"><svg role=\"img\" class=\"icon icon-arrow-right \"><use xlink:href=\"https:\/\/www.sagesa.com\/wp-content\/themes\/sagesa\/assets\/images\/icons.sprite.svg#icon-arrow-right\"><\/use><\/svg><\/button>\r\n              <button type=\"button\" class=\"arrow shaded m--next\"><svg role=\"img\" class=\"icon icon-arrow-right \"><use xlink:href=\"https:\/\/www.sagesa.com\/wp-content\/themes\/sagesa\/assets\/images\/icons.sprite.svg#icon-arrow-right\"><\/use><\/svg><\/button>\r\n            <\/div>\r\n          <\/div>\r\n        <\/div>\r\n\r\n        <div class=\"sv-u-1 sv-u-m-1-2\">\r\n          <div class=\"testimony__slider-p\">\r\n            <div class=\"slider m--profile\">\r\n                              <div class=\"slider__slide\">\r\n                                    <img decoding=\"async\" src=\"https:\/\/www.sagesa.com\/wp-content\/uploads\/2021\/02\/Gilbert-Salvi.jpg\" alt=\"Katell Jaffrelot\">\r\n                <\/div>\r\n                              <div class=\"slider__slide\">\r\n                                    <img decoding=\"async\" src=\"https:\/\/www.sagesa.com\/wp-content\/uploads\/2022\/06\/meric-dagli-Uii70ORiFPE-unsplash-scaled.jpg\" alt=\"Katell Jaffrelot\">\r\n                <\/div>\r\n                              <div class=\"slider__slide\">\r\n                                    <img decoding=\"async\" src=\"https:\/\/www.sagesa.com\/wp-content\/uploads\/2021\/11\/cecile-duranton.jpg\" alt=\"Katell Jaffrelot\">\r\n                <\/div>\r\n                              <div class=\"slider__slide\">\r\n                                    <img decoding=\"async\" src=\"https:\/\/www.sagesa.com\/wp-content\/uploads\/2021\/09\/marc.jpg\" alt=\"Katell Jaffrelot\">\r\n                <\/div>\r\n                              <div class=\"slider__slide\">\r\n                                    <img decoding=\"async\" src=\"https:\/\/www.sagesa.com\/wp-content\/uploads\/2021\/05\/leontine-relange.jpg\" alt=\"Katell Jaffrelot\">\r\n                <\/div>\r\n                              <div class=\"slider__slide\">\r\n                                    <img decoding=\"async\" src=\"\/wp-content\/uploads\/2021\/01\/AZander_SageSa_Temoignage.png\" alt=\"Katell Jaffrelot\">\r\n                <\/div>\r\n                              <div class=\"slider__slide\">\r\n                                    <img decoding=\"async\" src=\"\/wp-content\/uploads\/2020\/12\/unnamed.jpg\" alt=\"Katell Jaffrelot\">\r\n                <\/div>\r\n                          <\/div>\r\n          <\/div>\r\n        <\/div>\r\n\r\n      <\/div>\r\n    <\/div>\r\n  <\/div>\r\n  <div class=\"testimony__circle m--yellow\"><\/div>\r\n  <div class=\"testimony__circle m--pink\"><\/div>\r\n<\/section>\r\n[\/vc_column][\/vc_row]<\/p>\n<\/section>","protected":false},"excerpt":{"rendered":"<p>[vc_row][vc_column][\/vc_column][\/vc_row][vc_row][vc_column width=\u00a0\u00bb1\/4&Prime;][\/vc_column][vc_column width=\u00a0\u00bb1\/4&Prime;][\/vc_column][vc_column width=\u00a0\u00bb1\/4&Prime;][\/vc_column][vc_column width=\u00a0\u00bb1\/4&Prime;][\/vc_column][\/vc_row][vc_row][vc_column][\/vc_column][\/vc_row][vc_row][vc_column][vc_hoverbox image=\u00a0\u00bb3732&Prime; primary_title=\u00a0\u00bb\u00a0\u00bb hover_title=\u00a0\u00bbD\u00e9couvrez notre livre blanc sur le portage salarial international\u00a0\u00bb hover_btn_title=\u00a0\u00bbT\u00e9l\u00e9charger\u00a0\u00bb hover_add_button=\u00a0\u00bbtrue\u00a0\u00bb hover_btn_link=\u00a0\u00bburl:https%3A%2F%2Fwww.sagesa.com%2Ffr%2Fdecouvrez-notre-livre-blanc-sur-le-teletravail-international%2F\u00a0\u00bb]Vous souhaitez tout savoir sur les meilleures pratiques pour r\u00e9ussir vos projets d\u2019expatriation et comprendre les avantages du portage salarial\u202finternational ? T\u00e9l\u00e9chargez gratuitement notre Livre Blanc exclusif. &nbsp; [\/vc_hoverbox][\/vc_column][\/vc_row][vc_row full_width=\u00a0\u00bbstretch_row\u00a0\u00bb][vc_column][\/vc_column][\/vc_row]<\/p>\n","protected":false},"author":1,"featured_media":67,"parent":0,"menu_order":0,"comment_status":"closed","ping_status":"closed","template":"","meta":{"footnotes":""},"class_list":["post-5","page","type-page","status-publish","has-post-thumbnail","hentry"],"yoast_head":"<!-- This site is optimized with the Yoast SEO plugin v25.2 - https:\/\/yoast.com\/wordpress\/plugins\/seo\/ -->\n<title>Portage salarial international : mission \u00e0 l&#039;\u00e9tranger | Sage SA<\/title>\n<meta name=\"description\" content=\"Le portage salarial international pour une carri\u00e8re mondiale. Consultant ou entrepreneur, optez pour une solution s\u00e9curis\u00e9e et efficace.\" \/>\n<meta name=\"robots\" content=\"index, follow, max-snippet:-1, max-image-preview:large, max-video-preview:-1\" \/>\n<link rel=\"canonical\" href=\"https:\/\/www.sagesa.com\/fr\/\" \/>\n<meta property=\"og:locale\" content=\"fr_FR\" \/>\n<meta property=\"og:type\" content=\"article\" \/>\n<meta property=\"og:title\" content=\"Portage salarial international : mission \u00e0 l&#039;\u00e9tranger | Sage SA\" \/>\n<meta property=\"og:description\" content=\"Le portage salarial international pour une carri\u00e8re mondiale. Consultant ou entrepreneur, optez pour une solution s\u00e9curis\u00e9e et efficace.\" \/>\n<meta property=\"og:url\" content=\"https:\/\/www.sagesa.com\/fr\/\" \/>\n<meta property=\"og:site_name\" content=\"Sage SA\" \/>\n<meta property=\"article:modified_time\" content=\"2025-10-14T05:54:57+00:00\" \/>\n<meta property=\"og:image\" content=\"https:\/\/www.sagesa.com\/wp-content\/uploads\/2024\/02\/INFOGRAPHIE-FONCTIONNEMENT-international.jpg\" \/>\n\t<meta property=\"og:image:width\" content=\"1200\" \/>\n\t<meta property=\"og:image:height\" content=\"848\" \/>\n\t<meta property=\"og:image:type\" content=\"image\/jpeg\" \/>\n<meta name=\"twitter:card\" content=\"summary_large_image\" \/>\n<meta name=\"twitter:label1\" content=\"Est. reading time\" \/>\n\t<meta name=\"twitter:data1\" content=\"3 minutes\" \/>\n<script type=\"application\/ld+json\" class=\"yoast-schema-graph\">{\"@context\":\"https:\/\/schema.org\",\"@graph\":[{\"@type\":\"WebPage\",\"@id\":\"https:\/\/www.sagesa.com\/fr\/\",\"url\":\"https:\/\/www.sagesa.com\/fr\/\",\"name\":\"Portage salarial international : mission \u00e0 l'\u00e9tranger | Sage SA\",\"isPartOf\":{\"@id\":\"https:\/\/www.sagesa.com\/fr\/#website\"},\"primaryImageOfPage\":{\"@id\":\"https:\/\/www.sagesa.com\/fr\/#primaryimage\"},\"image\":{\"@id\":\"https:\/\/www.sagesa.com\/fr\/#primaryimage\"},\"thumbnailUrl\":\"https:\/\/www.sagesa.com\/wp-content\/uploads\/2020\/12\/slider1.jpg\",\"datePublished\":\"2020-12-01T16:09:58+00:00\",\"dateModified\":\"2025-10-14T05:54:57+00:00\",\"description\":\"Le portage salarial international pour une carri\u00e8re mondiale. Consultant ou entrepreneur, optez pour une solution s\u00e9curis\u00e9e et efficace.\",\"breadcrumb\":{\"@id\":\"https:\/\/www.sagesa.com\/fr\/#breadcrumb\"},\"inLanguage\":\"fr-FR\",\"potentialAction\":[{\"@type\":\"ReadAction\",\"target\":[\"https:\/\/www.sagesa.com\/fr\/\"]}]},{\"@type\":\"ImageObject\",\"inLanguage\":\"fr-FR\",\"@id\":\"https:\/\/www.sagesa.com\/fr\/#primaryimage\",\"url\":\"https:\/\/www.sagesa.com\/wp-content\/uploads\/2020\/12\/slider1.jpg\",\"contentUrl\":\"https:\/\/www.sagesa.com\/wp-content\/uploads\/2020\/12\/slider1.jpg\",\"width\":1451,\"height\":755},{\"@type\":\"BreadcrumbList\",\"@id\":\"https:\/\/www.sagesa.com\/fr\/#breadcrumb\",\"itemListElement\":[{\"@type\":\"ListItem\",\"position\":1,\"name\":\"Accueil\",\"item\":\"https:\/\/www.sagesa.com\/fr\/\"},{\"@type\":\"ListItem\",\"position\":2,\"name\":\"Accueil\"}]},{\"@type\":\"WebSite\",\"@id\":\"https:\/\/www.sagesa.com\/fr\/#website\",\"url\":\"https:\/\/www.sagesa.com\/fr\/\",\"name\":\"Sage SA\",\"description\":\"Un site utilisant WordPress\",\"publisher\":{\"@id\":\"https:\/\/www.sagesa.com\/fr\/#organization\"},\"potentialAction\":[{\"@type\":\"SearchAction\",\"target\":{\"@type\":\"EntryPoint\",\"urlTemplate\":\"https:\/\/www.sagesa.com\/fr\/?s={search_term_string}\"},\"query-input\":{\"@type\":\"PropertyValueSpecification\",\"valueRequired\":true,\"valueName\":\"search_term_string\"}}],\"inLanguage\":\"fr-FR\"},{\"@type\":\"Organization\",\"@id\":\"https:\/\/www.sagesa.com\/fr\/#organization\",\"name\":\"SAGE SA\",\"url\":\"https:\/\/www.sagesa.com\/fr\/\",\"logo\":{\"@type\":\"ImageObject\",\"inLanguage\":\"fr-FR\",\"@id\":\"https:\/\/www.sagesa.com\/fr\/#\/schema\/logo\/image\/\",\"url\":\"https:\/\/www.sagesa.com\/wp-content\/uploads\/2024\/02\/logo_sage_rvb.jpg\",\"contentUrl\":\"https:\/\/www.sagesa.com\/wp-content\/uploads\/2024\/02\/logo_sage_rvb.jpg\",\"width\":1784,\"height\":1035,\"caption\":\"SAGE SA\"},\"image\":{\"@id\":\"https:\/\/www.sagesa.com\/fr\/#\/schema\/logo\/image\/\"},\"sameAs\":[\"https:\/\/www.linkedin.com\/company\/sage-sa-portage-salarial-international\"]}]}<\/script>\n<!-- \/ Yoast SEO plugin. -->","yoast_head_json":{"title":"Portage salarial international : mission \u00e0 l'\u00e9tranger | Sage SA","description":"Le portage salarial international pour une carri\u00e8re mondiale. Consultant ou entrepreneur, optez pour une solution s\u00e9curis\u00e9e et efficace.","robots":{"index":"index","follow":"follow","max-snippet":"max-snippet:-1","max-image-preview":"max-image-preview:large","max-video-preview":"max-video-preview:-1"},"canonical":"https:\/\/www.sagesa.com\/fr\/","og_locale":"fr_FR","og_type":"article","og_title":"Portage salarial international : mission \u00e0 l'\u00e9tranger | Sage SA","og_description":"Le portage salarial international pour une carri\u00e8re mondiale. Consultant ou entrepreneur, optez pour une solution s\u00e9curis\u00e9e et efficace.","og_url":"https:\/\/www.sagesa.com\/fr\/","og_site_name":"Sage SA","article_modified_time":"2025-10-14T05:54:57+00:00","og_image":[{"width":1200,"height":848,"url":"https:\/\/www.sagesa.com\/wp-content\/uploads\/2024\/02\/INFOGRAPHIE-FONCTIONNEMENT-international.jpg","type":"image\/jpeg"}],"twitter_card":"summary_large_image","twitter_misc":{"Est. reading time":"3 minutes"},"schema":{"@context":"https:\/\/schema.org","@graph":[{"@type":"WebPage","@id":"https:\/\/www.sagesa.com\/fr\/","url":"https:\/\/www.sagesa.com\/fr\/","name":"Portage salarial international : mission \u00e0 l'\u00e9tranger | Sage SA","isPartOf":{"@id":"https:\/\/www.sagesa.com\/fr\/#website"},"primaryImageOfPage":{"@id":"https:\/\/www.sagesa.com\/fr\/#primaryimage"},"image":{"@id":"https:\/\/www.sagesa.com\/fr\/#primaryimage"},"thumbnailUrl":"https:\/\/www.sagesa.com\/wp-content\/uploads\/2020\/12\/slider1.jpg","datePublished":"2020-12-01T16:09:58+00:00","dateModified":"2025-10-14T05:54:57+00:00","description":"Le portage salarial international pour une carri\u00e8re mondiale. Consultant ou entrepreneur, optez pour une solution s\u00e9curis\u00e9e et efficace.","breadcrumb":{"@id":"https:\/\/www.sagesa.com\/fr\/#breadcrumb"},"inLanguage":"fr-FR","potentialAction":[{"@type":"ReadAction","target":["https:\/\/www.sagesa.com\/fr\/"]}]},{"@type":"ImageObject","inLanguage":"fr-FR","@id":"https:\/\/www.sagesa.com\/fr\/#primaryimage","url":"https:\/\/www.sagesa.com\/wp-content\/uploads\/2020\/12\/slider1.jpg","contentUrl":"https:\/\/www.sagesa.com\/wp-content\/uploads\/2020\/12\/slider1.jpg","width":1451,"height":755},{"@type":"BreadcrumbList","@id":"https:\/\/www.sagesa.com\/fr\/#breadcrumb","itemListElement":[{"@type":"ListItem","position":1,"name":"Accueil","item":"https:\/\/www.sagesa.com\/fr\/"},{"@type":"ListItem","position":2,"name":"Accueil"}]},{"@type":"WebSite","@id":"https:\/\/www.sagesa.com\/fr\/#website","url":"https:\/\/www.sagesa.com\/fr\/","name":"Sage SA","description":"Un site utilisant WordPress","publisher":{"@id":"https:\/\/www.sagesa.com\/fr\/#organization"},"potentialAction":[{"@type":"SearchAction","target":{"@type":"EntryPoint","urlTemplate":"https:\/\/www.sagesa.com\/fr\/?s={search_term_string}"},"query-input":{"@type":"PropertyValueSpecification","valueRequired":true,"valueName":"search_term_string"}}],"inLanguage":"fr-FR"},{"@type":"Organization","@id":"https:\/\/www.sagesa.com\/fr\/#organization","name":"SAGE SA","url":"https:\/\/www.sagesa.com\/fr\/","logo":{"@type":"ImageObject","inLanguage":"fr-FR","@id":"https:\/\/www.sagesa.com\/fr\/#\/schema\/logo\/image\/","url":"https:\/\/www.sagesa.com\/wp-content\/uploads\/2024\/02\/logo_sage_rvb.jpg","contentUrl":"https:\/\/www.sagesa.com\/wp-content\/uploads\/2024\/02\/logo_sage_rvb.jpg","width":1784,"height":1035,"caption":"SAGE SA"},"image":{"@id":"https:\/\/www.sagesa.com\/fr\/#\/schema\/logo\/image\/"},"sameAs":["https:\/\/www.linkedin.com\/company\/sage-sa-portage-salarial-international"]}]}},"_links":{"self":[{"href":"https:\/\/www.sagesa.com\/fr\/wp-json\/wp\/v2\/pages\/5","targetHints":{"allow":["GET"]}}],"collection":[{"href":"https:\/\/www.sagesa.com\/fr\/wp-json\/wp\/v2\/pages"}],"about":[{"href":"https:\/\/www.sagesa.com\/fr\/wp-json\/wp\/v2\/types\/page"}],"author":[{"embeddable":true,"href":"https:\/\/www.sagesa.com\/fr\/wp-json\/wp\/v2\/users\/1"}],"replies":[{"embeddable":true,"href":"https:\/\/www.sagesa.com\/fr\/wp-json\/wp\/v2\/comments?post=5"}],"version-history":[{"count":0,"href":"https:\/\/www.sagesa.com\/fr\/wp-json\/wp\/v2\/pages\/5\/revisions"}],"wp:featuredmedia":[{"embeddable":true,"href":"https:\/\/www.sagesa.com\/fr\/wp-json\/wp\/v2\/media\/67"}],"wp:attachment":[{"href":"https:\/\/www.sagesa.com\/fr\/wp-json\/wp\/v2\/media?parent=5"}],"curies":[{"name":"wp","href":"https:\/\/api.w.org\/{rel}","templated":true}]}}