{"id":86,"date":"2020-12-11T16:11:23","date_gmt":"2020-12-11T15:11:23","guid":{"rendered":"http:\/\/www.sagesa.com\/?page_id=86"},"modified":"2021-01-14T15:49:01","modified_gmt":"2021-01-14T14:49:01","slug":"simulateur-de-remuneration-nette","status":"publish","type":"page","link":"https:\/\/www.sagesa.com\/fr\/simulateur-de-remuneration-nette\/","title":{"rendered":"Simulateur de r\u00e9mun\u00e9ration nette"},"content":{"rendered":"","protected":false},"excerpt":{"rendered":"","protected":false},"author":1,"featured_media":0,"parent":0,"menu_order":0,"comment_status":"closed","ping_status":"closed","template":"form-simulator.php","meta":{"footnotes":""},"class_list":["post-86","page","type-page","status-publish","hentry"],"yoast_head":"<!-- This site is optimized with the Yoast SEO plugin v25.2 - https:\/\/yoast.com\/wordpress\/plugins\/seo\/ -->\n<title>Simulateur de r\u00e9mun\u00e9ration nette et portage salarial international | Sage SA<\/title>\n<meta name=\"description\" content=\"Vous \u00eates un travailleur ind\u00e9pendant en situation d\u2019expatriation et souhaitez calculer votre salaire\u00a0? Estimez-le avec notre simulateur de r\u00e9mun\u00e9ration nette.\" \/>\n<meta name=\"robots\" content=\"index, follow, max-snippet:-1, max-image-preview:large, max-video-preview:-1\" \/>\n<link rel=\"canonical\" href=\"https:\/\/www.sagesa.com\/fr\/simulateur-de-remuneration-nette\/\" \/>\n<meta property=\"og:locale\" content=\"fr_FR\" \/>\n<meta property=\"og:type\" content=\"article\" \/>\n<meta property=\"og:title\" content=\"Simulateur de r\u00e9mun\u00e9ration nette et portage salarial international | Sage SA\" \/>\n<meta property=\"og:description\" content=\"Vous \u00eates un travailleur ind\u00e9pendant en situation d\u2019expatriation et souhaitez calculer votre salaire\u00a0? Estimez-le avec notre simulateur de r\u00e9mun\u00e9ration nette.\" \/>\n<meta property=\"og:url\" content=\"https:\/\/www.sagesa.com\/fr\/simulateur-de-remuneration-nette\/\" \/>\n<meta property=\"og:site_name\" content=\"Sage SA\" \/>\n<meta property=\"article:modified_time\" content=\"2021-01-14T14:49:01+00:00\" \/>\n<meta name=\"twitter:card\" content=\"summary_large_image\" \/>\n<script type=\"application\/ld+json\" class=\"yoast-schema-graph\">{\"@context\":\"https:\/\/schema.org\",\"@graph\":[{\"@type\":\"WebPage\",\"@id\":\"https:\/\/www.sagesa.com\/fr\/simulateur-de-remuneration-nette\/\",\"url\":\"https:\/\/www.sagesa.com\/fr\/simulateur-de-remuneration-nette\/\",\"name\":\"Simulateur de r\u00e9mun\u00e9ration nette et portage salarial international | Sage SA\",\"isPartOf\":{\"@id\":\"https:\/\/www.sagesa.com\/fr\/#website\"},\"datePublished\":\"2020-12-11T15:11:23+00:00\",\"dateModified\":\"2021-01-14T14:49:01+00:00\",\"description\":\"Vous \u00eates un travailleur ind\u00e9pendant en situation d\u2019expatriation et souhaitez calculer votre salaire\u00a0? Estimez-le avec notre simulateur de r\u00e9mun\u00e9ration nette.\",\"breadcrumb\":{\"@id\":\"https:\/\/www.sagesa.com\/fr\/simulateur-de-remuneration-nette\/#breadcrumb\"},\"inLanguage\":\"fr-FR\",\"potentialAction\":[{\"@type\":\"ReadAction\",\"target\":[\"https:\/\/www.sagesa.com\/fr\/simulateur-de-remuneration-nette\/\"]}]},{\"@type\":\"BreadcrumbList\",\"@id\":\"https:\/\/www.sagesa.com\/fr\/simulateur-de-remuneration-nette\/#breadcrumb\",\"itemListElement\":[{\"@type\":\"ListItem\",\"position\":1,\"name\":\"Accueil\",\"item\":\"https:\/\/www.sagesa.com\/fr\/\"},{\"@type\":\"ListItem\",\"position\":2,\"name\":\"Simulateur de r\u00e9mun\u00e9ration nette\"}]},{\"@type\":\"WebSite\",\"@id\":\"https:\/\/www.sagesa.com\/fr\/#website\",\"url\":\"https:\/\/www.sagesa.com\/fr\/\",\"name\":\"Sage SA\",\"description\":\"Un site utilisant WordPress\",\"publisher\":{\"@id\":\"https:\/\/www.sagesa.com\/fr\/#organization\"},\"potentialAction\":[{\"@type\":\"SearchAction\",\"target\":{\"@type\":\"EntryPoint\",\"urlTemplate\":\"https:\/\/www.sagesa.com\/fr\/?s={search_term_string}\"},\"query-input\":{\"@type\":\"PropertyValueSpecification\",\"valueRequired\":true,\"valueName\":\"search_term_string\"}}],\"inLanguage\":\"fr-FR\"},{\"@type\":\"Organization\",\"@id\":\"https:\/\/www.sagesa.com\/fr\/#organization\",\"name\":\"SAGE SA\",\"url\":\"https:\/\/www.sagesa.com\/fr\/\",\"logo\":{\"@type\":\"ImageObject\",\"inLanguage\":\"fr-FR\",\"@id\":\"https:\/\/www.sagesa.com\/fr\/#\/schema\/logo\/image\/\",\"url\":\"https:\/\/www.sagesa.com\/wp-content\/uploads\/2024\/02\/logo_sage_rvb.jpg\",\"contentUrl\":\"https:\/\/www.sagesa.com\/wp-content\/uploads\/2024\/02\/logo_sage_rvb.jpg\",\"width\":1784,\"height\":1035,\"caption\":\"SAGE SA\"},\"image\":{\"@id\":\"https:\/\/www.sagesa.com\/fr\/#\/schema\/logo\/image\/\"},\"sameAs\":[\"https:\/\/www.linkedin.com\/company\/sage-sa-portage-salarial-international\"]}]}<\/script>\n<!-- \/ Yoast SEO plugin. -->","yoast_head_json":{"title":"Simulateur de r\u00e9mun\u00e9ration nette et portage salarial international | Sage SA","description":"Vous \u00eates un travailleur ind\u00e9pendant en situation d\u2019expatriation et souhaitez calculer votre salaire\u00a0? Estimez-le avec notre simulateur de r\u00e9mun\u00e9ration nette.","robots":{"index":"index","follow":"follow","max-snippet":"max-snippet:-1","max-image-preview":"max-image-preview:large","max-video-preview":"max-video-preview:-1"},"canonical":"https:\/\/www.sagesa.com\/fr\/simulateur-de-remuneration-nette\/","og_locale":"fr_FR","og_type":"article","og_title":"Simulateur de r\u00e9mun\u00e9ration nette et portage salarial international | Sage SA","og_description":"Vous \u00eates un travailleur ind\u00e9pendant en situation d\u2019expatriation et souhaitez calculer votre salaire\u00a0? Estimez-le avec notre simulateur de r\u00e9mun\u00e9ration nette.","og_url":"https:\/\/www.sagesa.com\/fr\/simulateur-de-remuneration-nette\/","og_site_name":"Sage SA","article_modified_time":"2021-01-14T14:49:01+00:00","twitter_card":"summary_large_image","schema":{"@context":"https:\/\/schema.org","@graph":[{"@type":"WebPage","@id":"https:\/\/www.sagesa.com\/fr\/simulateur-de-remuneration-nette\/","url":"https:\/\/www.sagesa.com\/fr\/simulateur-de-remuneration-nette\/","name":"Simulateur de r\u00e9mun\u00e9ration nette et portage salarial international | Sage SA","isPartOf":{"@id":"https:\/\/www.sagesa.com\/fr\/#website"},"datePublished":"2020-12-11T15:11:23+00:00","dateModified":"2021-01-14T14:49:01+00:00","description":"Vous \u00eates un travailleur ind\u00e9pendant en situation d\u2019expatriation et souhaitez calculer votre salaire\u00a0? Estimez-le avec notre simulateur de r\u00e9mun\u00e9ration nette.","breadcrumb":{"@id":"https:\/\/www.sagesa.com\/fr\/simulateur-de-remuneration-nette\/#breadcrumb"},"inLanguage":"fr-FR","potentialAction":[{"@type":"ReadAction","target":["https:\/\/www.sagesa.com\/fr\/simulateur-de-remuneration-nette\/"]}]},{"@type":"BreadcrumbList","@id":"https:\/\/www.sagesa.com\/fr\/simulateur-de-remuneration-nette\/#breadcrumb","itemListElement":[{"@type":"ListItem","position":1,"name":"Accueil","item":"https:\/\/www.sagesa.com\/fr\/"},{"@type":"ListItem","position":2,"name":"Simulateur de r\u00e9mun\u00e9ration nette"}]},{"@type":"WebSite","@id":"https:\/\/www.sagesa.com\/fr\/#website","url":"https:\/\/www.sagesa.com\/fr\/","name":"Sage SA","description":"Un site utilisant WordPress","publisher":{"@id":"https:\/\/www.sagesa.com\/fr\/#organization"},"potentialAction":[{"@type":"SearchAction","target":{"@type":"EntryPoint","urlTemplate":"https:\/\/www.sagesa.com\/fr\/?s={search_term_string}"},"query-input":{"@type":"PropertyValueSpecification","valueRequired":true,"valueName":"search_term_string"}}],"inLanguage":"fr-FR"},{"@type":"Organization","@id":"https:\/\/www.sagesa.com\/fr\/#organization","name":"SAGE SA","url":"https:\/\/www.sagesa.com\/fr\/","logo":{"@type":"ImageObject","inLanguage":"fr-FR","@id":"https:\/\/www.sagesa.com\/fr\/#\/schema\/logo\/image\/","url":"https:\/\/www.sagesa.com\/wp-content\/uploads\/2024\/02\/logo_sage_rvb.jpg","contentUrl":"https:\/\/www.sagesa.com\/wp-content\/uploads\/2024\/02\/logo_sage_rvb.jpg","width":1784,"height":1035,"caption":"SAGE SA"},"image":{"@id":"https:\/\/www.sagesa.com\/fr\/#\/schema\/logo\/image\/"},"sameAs":["https:\/\/www.linkedin.com\/company\/sage-sa-portage-salarial-international"]}]}},"_links":{"self":[{"href":"https:\/\/www.sagesa.com\/fr\/wp-json\/wp\/v2\/pages\/86","targetHints":{"allow":["GET"]}}],"collection":[{"href":"https:\/\/www.sagesa.com\/fr\/wp-json\/wp\/v2\/pages"}],"about":[{"href":"https:\/\/www.sagesa.com\/fr\/wp-json\/wp\/v2\/types\/page"}],"author":[{"embeddable":true,"href":"https:\/\/www.sagesa.com\/fr\/wp-json\/wp\/v2\/users\/1"}],"replies":[{"embeddable":true,"href":"https:\/\/www.sagesa.com\/fr\/wp-json\/wp\/v2\/comments?post=86"}],"version-history":[{"count":0,"href":"https:\/\/www.sagesa.com\/fr\/wp-json\/wp\/v2\/pages\/86\/revisions"}],"wp:attachment":[{"href":"https:\/\/www.sagesa.com\/fr\/wp-json\/wp\/v2\/media?parent=86"}],"curies":[{"name":"wp","href":"https:\/\/api.w.org\/{rel}","templated":true}]}}