{"id":95,"date":"2020-12-11T17:07:24","date_gmt":"2020-12-11T16:07:24","guid":{"rendered":"http:\/\/www.sagesa.com\/?page_id=95"},"modified":"2022-06-07T15:13:51","modified_gmt":"2022-06-07T13:13:51","slug":"vous-etes-une-entreprise","status":"publish","type":"page","link":"https:\/\/www.sagesa.com\/fr\/vous-etes-une-entreprise\/","title":{"rendered":"Vous \u00eates une entreprise"},"content":{"rendered":"<section class=\"wpb-content-wrapper\"><p>[vc_row][vc_column][vc_column_text el_class=\u00a0\u00bbcircle-bg\u00a0\u00bb]<\/p>\n<p style=\"text-align: center;\"><strong>Gr\u00e2ce \u00e0 des solutions cl\u00e9s en mains ayant fait leur preuve depuis plus de 30 ans, nous facilitons la mise en \u0153uvre de vos missions \u00e0 l\u2019\u00e9tranger et de vos expatriations.<\/strong><br \/>\n<strong>Gr\u00e2ce \u00e0 notre expertise vous gagnez du temps et optimiser vos d\u00e9penses.<\/strong><\/p>\n<p>[\/vc_column_text][\/vc_column][\/vc_row][vc_row el_id=\u00a0\u00bbfonctionnement\u00a0\u00bb][vc_column][vc_single_image image=\u00a0\u00bb257&Prime; img_size=\u00a0\u00bblarge\u00a0\u00bb alignment=\u00a0\u00bbcenter\u00a0\u00bb title=\u00a0\u00bbFonctionnement\u00a0\u00bb][\/vc_column][\/vc_row][vc_row el_id=\u00a0\u00bbnotreoffre\u00a0\u00bb][vc_column][vc_column_text]<\/p>\n<h2>Notre offre<\/h2>\n<p>[\/vc_column_text][\/vc_column][vc_column width=\u00a0\u00bb1\/2&Prime;][vc_column_text]<\/p>\n<h3><strong>Gestion administrative et salariale<\/strong><\/h3>\n<ul>\n<li>Syst\u00e8me de paie personnalis\u00e9 afin de s\u2019adapter aux exigences de l\u2019entreprise<\/li>\n<li>Gestion de la paie, communication et reportings s\u00e9curis\u00e9s<\/li>\n<li>D\u00e9claration aupr\u00e8s des administrations et organismes<\/li>\n<li>Edition et envoi des fiches de salaires et certificats divers<\/li>\n<li>Mise en application en temps r\u00e9el des \u00e9volutions l\u00e9gislatives<\/li>\n<li>Mise en place d\u2019une interface avec le syst\u00e8me comptable de l\u2019entreprise (sur demande)<\/li>\n<\/ul>\n<p>[\/vc_column_text][\/vc_column][vc_column width=\u00a0\u00bb1\/2&Prime;][vc_column_text]<\/p>\n<h3><strong>Management de la mobilit\u00e9 internationale<br \/>\n<\/strong><\/h3>\n<ul>\n<li>Conduite d\u2019audits<\/li>\n<li>Analyse des pratiques internes (ad\u00e9quation \u00e0 la strat\u00e9gie et \u00e0 la culture d\u2019entreprise, niveau de performance, conformit\u00e9, co\u00fbts\u2026)<\/li>\n<li>Comparaison avec le march\u00e9<\/li>\n<li>Enqu\u00eates de satisfaction aupr\u00e8s des expatri\u00e9s<\/li>\n<li>Recommandations d\u2019\u00e9volutions ou de mesures correctives sur l\u2019ensemble des types de transfert (mission, d\u00e9tachement, impatriation, expatriation, commuting\u2026)<\/li>\n<\/ul>\n<p>[\/vc_column_text][\/vc_column][vc_column][vc_btn title=\u00a0\u00bbJe souhaite en savoir d&rsquo;avantage\u00a0\u00bb style=\u00a0\u00bbflat\u00a0\u00bb shape=\u00a0\u00bbsquare\u00a0\u00bb color=\u00a0\u00bbvista-blue\u00a0\u00bb size=\u00a0\u00bblg\u00a0\u00bb align=\u00a0\u00bbcenter\u00a0\u00bb css_animation=\u00a0\u00bbbounceIn\u00a0\u00bb button_block=\u00a0\u00bbtrue\u00a0\u00bb link=\u00a0\u00bburl:https%3A%2F%2Fwww.sagesa.com%2Ffr%2Fcontactez-nous%2F|title:Contactez-nous\u00a0\u00bb][\/vc_column][\/vc_row][vc_row el_id=\u00a0\u00bbcasusage\u00a0\u00bb][vc_column]<section class=\"txt-img padded-top\">\r\n    <div class=\"sv-g\">\r\n      <div class=\"sv-u-1 sv-u-m-1-2 m--left\">\r\n        <div class=\"txt-img__content\">\r\n          <h2>Les cas d\u2019usage<\/h2>\r\n          <div class=\"txt-img__text\">\r\n            <p><\/p>\n<ul>\n<li>Vous \u00eates une entreprise et vous voulez recruter \u00e0 l\u2019\u00e9tranger ?<\/li>\n<li>La forte charge administrative que cela engendre ne peut \u00eatre absorb\u00e9e par vos \u00e9quipes RH en place ?<\/li>\n<li>Vos co\u00fbts de gestion des salari\u00e9s \u00e9trangers sont trop importants ?<\/li>\n<li>Vous ne b\u00e9n\u00e9ficiez pas des comp\u00e9tences juridiques pour identifier le bon cadre r\u00e8glementaire d\u2019expatriation ?<\/li>\n<\/ul>\n<p><\/p>\r\n                      <\/div>\r\n        <\/div>\r\n      <\/div>\r\n      <div class=\"sv-u-1 sv-u-m-1-2\">\r\n        <figure class=\"txt-img__figure m--red-left \">\r\n          <img decoding=\"async\" src=\"https:\/\/www.sagesa.com\/wp-content\/uploads\/2020\/12\/SageSa_casusage_portagesalarial_international-540x475.png\" alt=\"Les cas d\u2019usage\">\r\n          <div class=\"rect m--pink\"><\/div>\r\n          <div class=\"rect m--blue\"><\/div>\r\n          <div class=\"rect m--yellow\"><\/div>\r\n        <\/figure>\r\n      <\/div>\r\n    <\/div>\r\n<\/section>\r\n[\/vc_column][\/vc_row][vc_row el_id=\u00a0\u00bbavantages\u00a0\u00bb][vc_column]<section class=\"txt-img padded-top\">\r\n    <div class=\"sv-g\">\r\n      <div class=\"sv-u-1 sv-u-m-1-2 m--right\">\r\n        <div class=\"txt-img__content\">\r\n          <h2>Les avantages<\/h2>\r\n          <div class=\"txt-img__text\">\r\n            <p><\/p>\n<ul>\n<li>Faire appel \u00e0 un consultant externe en toute simplicit\u00e9<\/li>\n<li>Se lib\u00e9rer des risques sociaux dans la relation avec le consultant<\/li>\n<li>\u00c9largir le territoire d\u2019affaires \u00e0 l\u2019international en toute simplicit\u00e9<\/li>\n<li>\u00c9valuer les comp\u00e9tences d\u2019un consultant avant une embauche \u00e9ventuelle<\/li>\n<li>Renforcer sa pr\u00e9sence \u00e0 l\u2019internationale plus rapidement et en toute simplicit\u00e9<\/li>\n<li>Externaliser des travaux ponctuels de consultants et experts<\/li>\n<li>Optimiser la masse salariale et les co\u00fbts indirects<\/li>\n<li>Augmenter sa capacit\u00e9 \u00e0 g\u00e9rer des \u00e9quipes d\u2019expatri\u00e9s<\/li>\n<\/ul>\n<p><\/p>\r\n                      <\/div>\r\n        <\/div>\r\n      <\/div>\r\n      <div class=\"sv-u-1 sv-u-m-1-2\">\r\n        <figure class=\"txt-img__figure m--yellow-left \">\r\n          <img decoding=\"async\" src=\"https:\/\/www.sagesa.com\/wp-content\/uploads\/2020\/12\/SageSA_AvantagePortageSalarial_Entreprises-540x475.png\" alt=\"Les avantages\">\r\n          <div class=\"rect m--pink\"><\/div>\r\n          <div class=\"rect m--blue\"><\/div>\r\n          <div class=\"rect m--yellow\"><\/div>\r\n        <\/figure>\r\n      <\/div>\r\n    <\/div>\r\n<\/section>\r\n[vc_btn title=\u00a0\u00bbEvaluer mon besoin avec un consultant SAGE SA\u00a0\u00bb style=\u00a0\u00bbflat\u00a0\u00bb shape=\u00a0\u00bbsquare\u00a0\u00bb color=\u00a0\u00bbwarning\u00a0\u00bb size=\u00a0\u00bblg\u00a0\u00bb align=\u00a0\u00bbcenter\u00a0\u00bb css_animation=\u00a0\u00bbbounceIn\u00a0\u00bb button_block=\u00a0\u00bbtrue\u00a0\u00bb link=\u00a0\u00bburl:https%3A%2F%2Fwww.sagesa.com%2Ffr%2Fcontactez-nous%2F|title:Contactez-nous\u00a0\u00bb][\/vc_column][\/vc_row][vc_row full_width=\u00a0\u00bbstretch_row\u00a0\u00bb][vc_column][vc_single_image image=\u00a0\u00bb207&Prime; img_size=\u00a0\u00bblarge\u00a0\u00bb alignment=\u00a0\u00bbcenter\u00a0\u00bb][\/vc_column][\/vc_row]<\/p>\n<\/section>","protected":false},"excerpt":{"rendered":"<p>D\u00e9couvrez une solution souple et flexible pour les entreprises : \u00e0 qui s&rsquo;adresse notre offre, les services, les avantages, etc.<\/p>\n","protected":false},"author":1,"featured_media":172,"parent":0,"menu_order":0,"comment_status":"closed","ping_status":"closed","template":"page-enterprise-expert.php","meta":{"footnotes":""},"class_list":["post-95","page","type-page","status-publish","has-post-thumbnail","hentry"],"yoast_head":"<!-- This site is optimized with the Yoast SEO plugin v25.2 - https:\/\/yoast.com\/wordpress\/plugins\/seo\/ -->\n<title>Expert en recrutement international pour les entreprises | Sage SA<\/title>\n<meta name=\"description\" content=\"Vous \u00eates une entreprise\u00a0et souhaitez recruter \u00e0 l\u2019\u00e9tranger ? D\u00e9couvrez des solutions cl\u00e9s en mains ayant fait leur preuve depuis plus de 30 ans avec Sage SA, expert du portage salarial international.\" \/>\n<meta name=\"robots\" content=\"index, follow, max-snippet:-1, max-image-preview:large, max-video-preview:-1\" \/>\n<link rel=\"canonical\" href=\"https:\/\/www.sagesa.com\/fr\/vous-etes-une-entreprise\/\" \/>\n<meta property=\"og:locale\" content=\"fr_FR\" \/>\n<meta property=\"og:type\" content=\"article\" \/>\n<meta property=\"og:title\" content=\"Expert en recrutement international pour les entreprises | Sage SA\" \/>\n<meta property=\"og:description\" content=\"Vous \u00eates une entreprise\u00a0et souhaitez recruter \u00e0 l\u2019\u00e9tranger ? D\u00e9couvrez des solutions cl\u00e9s en mains ayant fait leur preuve depuis plus de 30 ans avec Sage SA, expert du portage salarial international.\" \/>\n<meta property=\"og:url\" content=\"https:\/\/www.sagesa.com\/fr\/vous-etes-une-entreprise\/\" \/>\n<meta property=\"og:site_name\" content=\"Sage SA\" \/>\n<meta property=\"article:modified_time\" content=\"2022-06-07T13:13:51+00:00\" \/>\n<meta property=\"og:image\" content=\"https:\/\/www.sagesa.com\/wp-content\/uploads\/2020\/12\/SageSa_Entreprise_header-1024x480.png\" \/>\n\t<meta property=\"og:image:width\" content=\"1024\" \/>\n\t<meta property=\"og:image:height\" content=\"480\" \/>\n\t<meta property=\"og:image:type\" content=\"image\/png\" \/>\n<meta name=\"twitter:card\" content=\"summary_large_image\" \/>\n<meta name=\"twitter:label1\" content=\"Est. reading time\" \/>\n\t<meta name=\"twitter:data1\" content=\"2 minutes\" \/>\n<script type=\"application\/ld+json\" class=\"yoast-schema-graph\">{\"@context\":\"https:\/\/schema.org\",\"@graph\":[{\"@type\":\"WebPage\",\"@id\":\"https:\/\/www.sagesa.com\/fr\/vous-etes-une-entreprise\/\",\"url\":\"https:\/\/www.sagesa.com\/fr\/vous-etes-une-entreprise\/\",\"name\":\"Expert en recrutement international pour les entreprises | Sage SA\",\"isPartOf\":{\"@id\":\"https:\/\/www.sagesa.com\/fr\/#website\"},\"primaryImageOfPage\":{\"@id\":\"https:\/\/www.sagesa.com\/fr\/vous-etes-une-entreprise\/#primaryimage\"},\"image\":{\"@id\":\"https:\/\/www.sagesa.com\/fr\/vous-etes-une-entreprise\/#primaryimage\"},\"thumbnailUrl\":\"https:\/\/www.sagesa.com\/wp-content\/uploads\/2020\/12\/SageSa_Entreprise_header.png\",\"datePublished\":\"2020-12-11T16:07:24+00:00\",\"dateModified\":\"2022-06-07T13:13:51+00:00\",\"description\":\"Vous \u00eates une entreprise\u00a0et souhaitez recruter \u00e0 l\u2019\u00e9tranger ? D\u00e9couvrez des solutions cl\u00e9s en mains ayant fait leur preuve depuis plus de 30 ans avec Sage SA, expert du portage salarial international.\",\"breadcrumb\":{\"@id\":\"https:\/\/www.sagesa.com\/fr\/vous-etes-une-entreprise\/#breadcrumb\"},\"inLanguage\":\"fr-FR\",\"potentialAction\":[{\"@type\":\"ReadAction\",\"target\":[\"https:\/\/www.sagesa.com\/fr\/vous-etes-une-entreprise\/\"]}]},{\"@type\":\"ImageObject\",\"inLanguage\":\"fr-FR\",\"@id\":\"https:\/\/www.sagesa.com\/fr\/vous-etes-une-entreprise\/#primaryimage\",\"url\":\"https:\/\/www.sagesa.com\/wp-content\/uploads\/2020\/12\/SageSa_Entreprise_header.png\",\"contentUrl\":\"https:\/\/www.sagesa.com\/wp-content\/uploads\/2020\/12\/SageSa_Entreprise_header.png\",\"width\":1920,\"height\":900,\"caption\":\"Sage Sa : Offres et services pour les entreprises\"},{\"@type\":\"BreadcrumbList\",\"@id\":\"https:\/\/www.sagesa.com\/fr\/vous-etes-une-entreprise\/#breadcrumb\",\"itemListElement\":[{\"@type\":\"ListItem\",\"position\":1,\"name\":\"Accueil\",\"item\":\"https:\/\/www.sagesa.com\/fr\/\"},{\"@type\":\"ListItem\",\"position\":2,\"name\":\"Vous \u00eates une entreprise\"}]},{\"@type\":\"WebSite\",\"@id\":\"https:\/\/www.sagesa.com\/fr\/#website\",\"url\":\"https:\/\/www.sagesa.com\/fr\/\",\"name\":\"Sage SA\",\"description\":\"Un site utilisant WordPress\",\"publisher\":{\"@id\":\"https:\/\/www.sagesa.com\/fr\/#organization\"},\"potentialAction\":[{\"@type\":\"SearchAction\",\"target\":{\"@type\":\"EntryPoint\",\"urlTemplate\":\"https:\/\/www.sagesa.com\/fr\/?s={search_term_string}\"},\"query-input\":{\"@type\":\"PropertyValueSpecification\",\"valueRequired\":true,\"valueName\":\"search_term_string\"}}],\"inLanguage\":\"fr-FR\"},{\"@type\":\"Organization\",\"@id\":\"https:\/\/www.sagesa.com\/fr\/#organization\",\"name\":\"SAGE SA\",\"url\":\"https:\/\/www.sagesa.com\/fr\/\",\"logo\":{\"@type\":\"ImageObject\",\"inLanguage\":\"fr-FR\",\"@id\":\"https:\/\/www.sagesa.com\/fr\/#\/schema\/logo\/image\/\",\"url\":\"https:\/\/www.sagesa.com\/wp-content\/uploads\/2024\/02\/logo_sage_rvb.jpg\",\"contentUrl\":\"https:\/\/www.sagesa.com\/wp-content\/uploads\/2024\/02\/logo_sage_rvb.jpg\",\"width\":1784,\"height\":1035,\"caption\":\"SAGE SA\"},\"image\":{\"@id\":\"https:\/\/www.sagesa.com\/fr\/#\/schema\/logo\/image\/\"},\"sameAs\":[\"https:\/\/www.linkedin.com\/company\/sage-sa-portage-salarial-international\"]}]}<\/script>\n<!-- \/ Yoast SEO plugin. -->","yoast_head_json":{"title":"Expert en recrutement international pour les entreprises | Sage SA","description":"Vous \u00eates une entreprise\u00a0et souhaitez recruter \u00e0 l\u2019\u00e9tranger ? D\u00e9couvrez des solutions cl\u00e9s en mains ayant fait leur preuve depuis plus de 30 ans avec Sage SA, expert du portage salarial international.","robots":{"index":"index","follow":"follow","max-snippet":"max-snippet:-1","max-image-preview":"max-image-preview:large","max-video-preview":"max-video-preview:-1"},"canonical":"https:\/\/www.sagesa.com\/fr\/vous-etes-une-entreprise\/","og_locale":"fr_FR","og_type":"article","og_title":"Expert en recrutement international pour les entreprises | Sage SA","og_description":"Vous \u00eates une entreprise\u00a0et souhaitez recruter \u00e0 l\u2019\u00e9tranger ? D\u00e9couvrez des solutions cl\u00e9s en mains ayant fait leur preuve depuis plus de 30 ans avec Sage SA, expert du portage salarial international.","og_url":"https:\/\/www.sagesa.com\/fr\/vous-etes-une-entreprise\/","og_site_name":"Sage SA","article_modified_time":"2022-06-07T13:13:51+00:00","og_image":[{"width":1024,"height":480,"url":"https:\/\/www.sagesa.com\/wp-content\/uploads\/2020\/12\/SageSa_Entreprise_header-1024x480.png","type":"image\/png"}],"twitter_card":"summary_large_image","twitter_misc":{"Est. reading time":"2 minutes"},"schema":{"@context":"https:\/\/schema.org","@graph":[{"@type":"WebPage","@id":"https:\/\/www.sagesa.com\/fr\/vous-etes-une-entreprise\/","url":"https:\/\/www.sagesa.com\/fr\/vous-etes-une-entreprise\/","name":"Expert en recrutement international pour les entreprises | Sage SA","isPartOf":{"@id":"https:\/\/www.sagesa.com\/fr\/#website"},"primaryImageOfPage":{"@id":"https:\/\/www.sagesa.com\/fr\/vous-etes-une-entreprise\/#primaryimage"},"image":{"@id":"https:\/\/www.sagesa.com\/fr\/vous-etes-une-entreprise\/#primaryimage"},"thumbnailUrl":"https:\/\/www.sagesa.com\/wp-content\/uploads\/2020\/12\/SageSa_Entreprise_header.png","datePublished":"2020-12-11T16:07:24+00:00","dateModified":"2022-06-07T13:13:51+00:00","description":"Vous \u00eates une entreprise\u00a0et souhaitez recruter \u00e0 l\u2019\u00e9tranger ? D\u00e9couvrez des solutions cl\u00e9s en mains ayant fait leur preuve depuis plus de 30 ans avec Sage SA, expert du portage salarial international.","breadcrumb":{"@id":"https:\/\/www.sagesa.com\/fr\/vous-etes-une-entreprise\/#breadcrumb"},"inLanguage":"fr-FR","potentialAction":[{"@type":"ReadAction","target":["https:\/\/www.sagesa.com\/fr\/vous-etes-une-entreprise\/"]}]},{"@type":"ImageObject","inLanguage":"fr-FR","@id":"https:\/\/www.sagesa.com\/fr\/vous-etes-une-entreprise\/#primaryimage","url":"https:\/\/www.sagesa.com\/wp-content\/uploads\/2020\/12\/SageSa_Entreprise_header.png","contentUrl":"https:\/\/www.sagesa.com\/wp-content\/uploads\/2020\/12\/SageSa_Entreprise_header.png","width":1920,"height":900,"caption":"Sage Sa : Offres et services pour les entreprises"},{"@type":"BreadcrumbList","@id":"https:\/\/www.sagesa.com\/fr\/vous-etes-une-entreprise\/#breadcrumb","itemListElement":[{"@type":"ListItem","position":1,"name":"Accueil","item":"https:\/\/www.sagesa.com\/fr\/"},{"@type":"ListItem","position":2,"name":"Vous \u00eates une entreprise"}]},{"@type":"WebSite","@id":"https:\/\/www.sagesa.com\/fr\/#website","url":"https:\/\/www.sagesa.com\/fr\/","name":"Sage SA","description":"Un site utilisant WordPress","publisher":{"@id":"https:\/\/www.sagesa.com\/fr\/#organization"},"potentialAction":[{"@type":"SearchAction","target":{"@type":"EntryPoint","urlTemplate":"https:\/\/www.sagesa.com\/fr\/?s={search_term_string}"},"query-input":{"@type":"PropertyValueSpecification","valueRequired":true,"valueName":"search_term_string"}}],"inLanguage":"fr-FR"},{"@type":"Organization","@id":"https:\/\/www.sagesa.com\/fr\/#organization","name":"SAGE SA","url":"https:\/\/www.sagesa.com\/fr\/","logo":{"@type":"ImageObject","inLanguage":"fr-FR","@id":"https:\/\/www.sagesa.com\/fr\/#\/schema\/logo\/image\/","url":"https:\/\/www.sagesa.com\/wp-content\/uploads\/2024\/02\/logo_sage_rvb.jpg","contentUrl":"https:\/\/www.sagesa.com\/wp-content\/uploads\/2024\/02\/logo_sage_rvb.jpg","width":1784,"height":1035,"caption":"SAGE SA"},"image":{"@id":"https:\/\/www.sagesa.com\/fr\/#\/schema\/logo\/image\/"},"sameAs":["https:\/\/www.linkedin.com\/company\/sage-sa-portage-salarial-international"]}]}},"_links":{"self":[{"href":"https:\/\/www.sagesa.com\/fr\/wp-json\/wp\/v2\/pages\/95","targetHints":{"allow":["GET"]}}],"collection":[{"href":"https:\/\/www.sagesa.com\/fr\/wp-json\/wp\/v2\/pages"}],"about":[{"href":"https:\/\/www.sagesa.com\/fr\/wp-json\/wp\/v2\/types\/page"}],"author":[{"embeddable":true,"href":"https:\/\/www.sagesa.com\/fr\/wp-json\/wp\/v2\/users\/1"}],"replies":[{"embeddable":true,"href":"https:\/\/www.sagesa.com\/fr\/wp-json\/wp\/v2\/comments?post=95"}],"version-history":[{"count":0,"href":"https:\/\/www.sagesa.com\/fr\/wp-json\/wp\/v2\/pages\/95\/revisions"}],"wp:featuredmedia":[{"embeddable":true,"href":"https:\/\/www.sagesa.com\/fr\/wp-json\/wp\/v2\/media\/172"}],"wp:attachment":[{"href":"https:\/\/www.sagesa.com\/fr\/wp-json\/wp\/v2\/media?parent=95"}],"curies":[{"name":"wp","href":"https:\/\/api.w.org\/{rel}","templated":true}]}}